{"id":140428,"date":"2024-01-30T10:49:43","date_gmt":"2024-01-30T09:49:43","guid":{"rendered":"https:\/\/oms.fr\/?page_id=140428"},"modified":"2024-12-17T10:27:00","modified_gmt":"2024-12-17T09:27:00","slug":"informations-risques-majeurs-dicrim","status":"publish","type":"page","link":"https:\/\/www.oms.fr\/en\/informations-risques-majeurs-dicrim\/","title":{"rendered":"Informations risques majeurs DICRIM"},"content":{"rendered":"<p>DICRIM simplifi\u00e9<\/p>\n<p><strong>D<\/strong>ocument d&rsquo; <strong>I<\/strong>nformation <strong>C<\/strong>ommunal sur les <strong>RI<\/strong>sques<strong> M<\/strong>ajeurs<\/p>\n<p>Chers administr\u00e9s,<br \/>\nLa s\u00e9curit\u00e9 des habitants de OMS fait partie des<br \/>\npr\u00e9occupations de l&rsquo;\u00e9quipe municipale.<br \/>\nLe pr\u00e9sent document est destin\u00e9 \u00e0 vous informer sur les<br \/>\nconsignes de s\u00e9curit\u00e9 \u00e0 adopter pour faire face aux risques<br \/>\nmajeurs identifi\u00e9s sur notre commune.<br \/>\nQuelques informations pratiques vous sont aussi d\u00e9livr\u00e9es.<br \/>\nJe vous demande de consulter attentivement cette<br \/>\nplaquette en cliquant sur le lien suivant.<\/p>\n<p>&nbsp;<\/p>\n<p><a href=\"https:\/\/oms.fr\/divers\/DICRIM_SIMPLIFIE_FR.pdf\" target=\"_blank\" rel=\"noopener\"><strong>https:\/\/oms.fr\/divers\/DICRIM_SIMPLIFIE_FR.pdf<\/strong><\/a>\u00a0 <img loading=\"lazy\" decoding=\"async\" class=\"alignnone wp-image-140124\" src=\"https:\/\/oms.fr\/wp-content\/uploads\/2023\/08\/FR.gif\" alt=\"\" width=\"37\" height=\"26\" \/><\/p>\n<p><a href=\"https:\/\/oms.fr\/divers\/DICRIM_SIMPLIFIE_ES.pdf\" target=\"_blank\" rel=\"noopener\"><strong>https:\/\/oms.fr\/divers\/DICRIM_SIMPLIFIE_ES.pdf<\/strong><\/a>\u00a0 <img loading=\"lazy\" decoding=\"async\" class=\"alignnone wp-image-140123\" src=\"https:\/\/oms.fr\/wp-content\/uploads\/2023\/08\/ES.gif\" alt=\"\" width=\"45\" height=\"30\" \/><\/p>\n<p><a href=\"https:\/\/oms.fr\/divers\/DICRIM_SIMPLIFIE_EN.pdf\" target=\"_blank\" rel=\"noopener\"><strong>https:\/\/oms.fr\/divers\/DICRIM_SIMPLIFIE_EN.pdf<\/strong>\u00a0<\/a> <img loading=\"lazy\" decoding=\"async\" class=\"alignnone wp-image-267500\" src=\"https:\/\/www.oms.fr\/wp-content\/uploads\/2024\/12\/drapeauangleterre20anime.gif\" alt=\"\" width=\"48\" height=\"26\" \/><\/p>\n<p><em><strong>Kit d&rsquo;urgence 72H<\/strong><\/em><\/p>\n<p><a href=\"https:\/\/www.oms.fr\/wp-content\/uploads\/2024\/12\/WhatsApp-Image-2024-11-30-a-14.41.48_ed917c55.pdf\"><img loading=\"lazy\" decoding=\"async\" class=\"alignnone size-medium wp-image-254740\" src=\"https:\/\/www.oms.fr\/wp-content\/uploads\/2024\/12\/WhatsApp-Image-2024-11-30-a-14.41.48_ed917c55-205x300.jpg\" alt=\"\" width=\"205\" height=\"300\" data-wp-editing=\"1\" srcset=\"https:\/\/www.oms.fr\/wp-content\/uploads\/2024\/12\/WhatsApp-Image-2024-11-30-a-14.41.48_ed917c55-205x300.jpg 205w, https:\/\/www.oms.fr\/wp-content\/uploads\/2024\/12\/WhatsApp-Image-2024-11-30-a-14.41.48_ed917c55-701x1024.jpg 701w, https:\/\/www.oms.fr\/wp-content\/uploads\/2024\/12\/WhatsApp-Image-2024-11-30-a-14.41.48_ed917c55-768x1122.jpg 768w, https:\/\/www.oms.fr\/wp-content\/uploads\/2024\/12\/WhatsApp-Image-2024-11-30-a-14.41.48_ed917c55.jpg 909w\" sizes=\"auto, (max-width: 205px) 100vw, 205px\" \/><\/a><\/p>","protected":false},"excerpt":{"rendered":"<p>DICRIM simplifi\u00e9 Document d&rsquo; Information Communal sur les RIsques Majeurs Chers administr\u00e9s, La s\u00e9curit\u00e9 des habitants de OMS fait partie des pr\u00e9occupations de l&rsquo;\u00e9quipe municipale. Le pr\u00e9sent document est destin\u00e9 \u00e0 vous informer sur les consignes de s\u00e9curit\u00e9 \u00e0 adopter [&hellip;]<\/p>\n","protected":false},"author":8,"featured_media":0,"parent":0,"menu_order":0,"comment_status":"closed","ping_status":"closed","template":"","meta":{"_acf_changed":false,"footnotes":""},"class_list":["post-140428","page","type-page","status-publish","hentry"],"acf":[],"_links":{"self":[{"href":"https:\/\/www.oms.fr\/en\/wp-json\/wp\/v2\/pages\/140428","targetHints":{"allow":["GET"]}}],"collection":[{"href":"https:\/\/www.oms.fr\/en\/wp-json\/wp\/v2\/pages"}],"about":[{"href":"https:\/\/www.oms.fr\/en\/wp-json\/wp\/v2\/types\/page"}],"author":[{"embeddable":true,"href":"https:\/\/www.oms.fr\/en\/wp-json\/wp\/v2\/users\/8"}],"replies":[{"embeddable":true,"href":"https:\/\/www.oms.fr\/en\/wp-json\/wp\/v2\/comments?post=140428"}],"version-history":[{"count":4,"href":"https:\/\/www.oms.fr\/en\/wp-json\/wp\/v2\/pages\/140428\/revisions"}],"predecessor-version":[{"id":267507,"href":"https:\/\/www.oms.fr\/en\/wp-json\/wp\/v2\/pages\/140428\/revisions\/267507"}],"wp:attachment":[{"href":"https:\/\/www.oms.fr\/en\/wp-json\/wp\/v2\/media?parent=140428"}],"curies":[{"name":"wp","href":"https:\/\/api.w.org\/{rel}","templated":true}]}}