{"id":2908,"date":"2020-03-26T11:42:55","date_gmt":"2020-03-26T10:42:55","guid":{"rendered":"https:\/\/oms.fr\/?page_id=2908"},"modified":"2020-04-08T23:23:13","modified_gmt":"2020-04-08T21:23:13","slug":"info-coronavirus-covid-19","status":"publish","type":"page","link":"https:\/\/www.oms.fr\/en\/info-coronavirus-covid-19\/","title":{"rendered":"Info Coronavirus COVID-19"},"content":{"rendered":"<p class=\"has-text-color has-background has-very-light-gray-background-color\" style=\"color: #9d091a;\"><strong>Les habitants qui le souhaitent, peuvent transmettre : nom, pr\u00e9nom, adresse, n\u00b0 t\u00e9l\u00e9phone fixe et mobile et adresse mail<br \/>1\/ par t\u00e9l\u00e9phone <a href=\"tel:+33468394013\" target=\"_blank\" rel=\"noreferrer noopener\" aria-label=\"0468394013 (s\u2019ouvre dans un nouvel onglet)\">0468394013<\/a><br \/>2\/ \u00e0 l\u2019adresse : <a href=\"mailto:isabelle@oms.fr\" target=\"_blank\" rel=\"noreferrer noopener\" aria-label=\"isabelle@oms.fr (s\u2019ouvre dans un nouvel onglet)\">isabelle@oms.fr<\/a><br \/>Ceci permettra de les informer en temps r\u00e9el de l\u2019\u00e9volution de la situation y compris sur notre village.<br \/>La fourniture volontaire de ces \u00e9l\u00e9ments entraine l\u2019acceptation du R\u00e8glement G\u00e9n\u00e9ral de la Protection des Donn\u00e9es (RGPD)<\/strong><\/p>\r\n\r\n\r\n\r\n<p class=\"has-background has-text-align-center has-luminous-vivid-amber-background-color\"><strong>CENTRE DE CONSULTATION CERET <a href=\"tel:04 68 85 85 58\" target=\"_blank\" rel=\"noreferrer noopener\" aria-label=\"04 68 85 85 58 (s\u2019ouvre dans un nouvel onglet)\">04 68 85 85 58<\/a> <a href=\"https:\/\/www.lindependant.fr\/2020\/03\/23\/coronavirus-les-12-premiers-patients-accueillis-au-centre-de-consultation-de-ceret,8815513.php\" target=\"_blank\" rel=\"noreferrer noopener\" aria-label=\"info (s\u2019ouvre dans un nouvel onglet)\">info<\/a><\/strong><\/p>\r\n\r\n\r\n\r\n<p class=\"has-background has-small-font-size has-luminous-vivid-amber-background-color\"><strong>Attention, ne pas venir sans avoir t\u00e9l\u00e9phon\u00e9 Le centre de consultation m\u00e9dicale sp\u00e9cifique au Covid-19 est ouvert 7 jours sur 7, de 11 h \u00e0 17 h dans un premier temps, \u00ab\u00a0ces horaires pouvant \u00e9voluer en fonction des besoins\u00a0\u00bb, fait savoir la sous-pr\u00e9fecture de C\u00e9ret. Le num\u00e9ro de t\u00e9l\u00e9phone pour le joindre est le <a href=\"tel:04 68 85 85 58\" target=\"_blank\" rel=\"noreferrer noopener\" aria-label=\"04 68 85 85 58 (s\u2019ouvre dans un nouvel onglet)\">04 68 85 85 58<\/a> et doit \u00eatre privil\u00e9gi\u00e9, \u00ab\u00a0m\u00eame si l\u2019accueil de toutes les personnes est assur\u00e9\u00a0\u00bb. Pensez \u00e0 vous munir de votre attestation de d\u00e9placement en venant au centre et \u00e0 regagner ensuite rapidement votre domicile en fonction des conseils qui vous auront \u00e9t\u00e9 donn\u00e9s. <\/strong><\/p>\r\n\r\n\r\n\r\n<p class=\"has-background has-text-align-left has-very-light-gray-background-color\">Le Pr\u00e9sident de la R\u00e9publique a d\u00e9cid\u00e9 de prendre des mesures pour r\u00e9duire \u00e0 leur plus strict minimum les contacts<br \/>et les d\u00e9placements. Un dispositif de confinement est mis en place sur l\u2019ensemble du territoire \u00e0 compter du <br \/>mardi 17 mars \u00e0 12h00, pour quinze jours minimum. <br \/><strong>Les d\u00e9placements sont interdits sauf dans les cas suivants et uniquement \u00e0 condition d&rsquo;\u00eatre munis d&rsquo;une attestation pour :<\/strong><br \/>&#8211; Se d\u00e9placer de son domicile \u00e0 son lieu de travail d\u00e8s lors que le t\u00e9l\u00e9travail n\u2019est pas possible ;<br \/>&#8211; Faire ses achats de premi\u00e8re n\u00e9cessit\u00e9 dans les commerces de proximit\u00e9 autoris\u00e9s ;<br \/>&#8211; Se rendre aupr\u00e8s d\u2019un professionnel de sant\u00e9 ;<br \/>&#8211; Se d\u00e9placer pour la garde de ses enfants ou pour aider les personnes vuln\u00e9rables \u00e0 la stricte condition de respecter les gestes barri\u00e8res ;<br \/>&#8211; Faire de l\u2019exercice physique uniquement \u00e0 titre individuel, autour du domicile et sans aucun rassemblement.<\/p>\r\n\r\n\r\n\r\n<p class=\"has-text-color has-background has-text-align-center has-very-light-gray-color has-vivid-red-background-color\"><strong><a href=\"https:\/\/www.oms.fr\/en\/Att.pdf\/\" target=\"_blank\" rel=\"noreferrer noopener\" aria-label=\"T\u00e9l\u00e9charger l'attestation (s\u2019ouvre dans un nouvel onglet)\">T\u00e9l\u00e9charger l&rsquo;attestation<\/a><\/strong> &#8211; <a href=\"https:\/\/www.oms.fr\/en\/Attx2.pdf\/\" target=\"_blank\" rel=\"noreferrer noopener\" aria-label=\"Attestation X2 (Mini)  (s\u2019ouvre dans un nouvel onglet)\"><strong>Attestation X2 (Mini)<\/strong><\/a> &#8211; <b><a href=\"https:\/\/media.interieur.gouv.fr\/deplacement-covid-19\/\" target=\"_blank\" rel=\"noopener noreferrer\">Attestation num\u00e9rique<\/a>\u00a0<\/b><\/p>\r\n<p class=\"has-text-color has-background has-text-align-center has-very-light-gray-color has-vivid-red-background-color\">\u00a0<a href=\"https:\/\/www.interieur.gouv.fr\/Actualites\/L-actu-du-Ministere\/Attestation-de-deplacement-derogatoire-et-justificatif-de-deplacement-professionnel\" target=\"_blank\" rel=\"noreferrer noopener\" aria-label=\" Autres attestations (s\u2019ouvre dans un nouvel onglet)\">Autres attestations<\/a><\/p>\r\n\r\n\r\n\r\n<p class=\"has-text-color has-background has-very-light-gray-color has-vivid-red-background-color\"><strong>Une pochette contenant ces attestations vierges (\u00e0 remplir par chaque utilisateur) est disponible devant la porte de la mairie.<br \/>Vous pouvez vous servir.<\/strong><\/p>\r\n\r\n\r\n\r\n<p><strong>INFOS PRATIQUES<\/strong><br \/><iframe loading=\"lazy\" src=\"https:\/\/www.youtube.com\/embed\/zI2-ChcyRaM\" width=\"560\" height=\"315\" frameborder=\"0\" allowfullscreen=\"allowfullscreen\"><\/iframe> <iframe loading=\"lazy\" src=\"https:\/\/www.youtube.com\/embed\/d0DJebQdvMc\" width=\"560\" height=\"315\" frameborder=\"0\" allowfullscreen=\"allowfullscreen\"><\/iframe><\/p>\r\n<p>&nbsp;<\/p>\r\n\r\n\r\n\r\n<p class=\"has-text-align-left\"><a href=\"https:\/\/www.economie.gouv.fr\/files\/files\/PDF\/2020\/Coronavirus-MINEFI-10032020.pdf\" target=\"_blank\" rel=\"noreferrer noopener\" aria-label=\"\ufffc (s\u2019ouvre dans un nouvel onglet)\"><img decoding=\"async\" class=\"wp-image-2887\" style=\"width: 600px;\" src=\"\/wp-content\/uploads\/2020\/04\/Coronavirus-MINEFI-10032020-mini.jpg\" alt=\"\" \/><\/a><br \/><strong><a href=\"https:\/\/www.economie.gouv.fr\/files\/files\/PDF\/2020\/Coronavirus-MINEFI-10032020.pdf\" target=\"_blank\" rel=\"noreferrer noopener\" aria-label=\"En savoir plus (s\u2019ouvre dans un nouvel onglet)\">En savoir plus<\/a><\/strong><\/p>","protected":false},"excerpt":{"rendered":"<p>Les habitants qui le souhaitent, peuvent transmettre : nom, pr\u00e9nom, adresse, n\u00b0 t\u00e9l\u00e9phone fixe et mobile et adresse mail1\/ par t\u00e9l\u00e9phone 04683940132\/ \u00e0 l\u2019adresse : isabelle@oms.frCeci permettra de les informer en temps r\u00e9el de l\u2019\u00e9volution de la situation y compris [&hellip;]<\/p>\n","protected":false},"author":2,"featured_media":0,"parent":0,"menu_order":0,"comment_status":"closed","ping_status":"closed","template":"","meta":{"_acf_changed":false,"footnotes":""},"class_list":["post-2908","page","type-page","status-publish","hentry"],"acf":[],"_links":{"self":[{"href":"https:\/\/www.oms.fr\/en\/wp-json\/wp\/v2\/pages\/2908","targetHints":{"allow":["GET"]}}],"collection":[{"href":"https:\/\/www.oms.fr\/en\/wp-json\/wp\/v2\/pages"}],"about":[{"href":"https:\/\/www.oms.fr\/en\/wp-json\/wp\/v2\/types\/page"}],"author":[{"embeddable":true,"href":"https:\/\/www.oms.fr\/en\/wp-json\/wp\/v2\/users\/2"}],"replies":[{"embeddable":true,"href":"https:\/\/www.oms.fr\/en\/wp-json\/wp\/v2\/comments?post=2908"}],"version-history":[{"count":0,"href":"https:\/\/www.oms.fr\/en\/wp-json\/wp\/v2\/pages\/2908\/revisions"}],"wp:attachment":[{"href":"https:\/\/www.oms.fr\/en\/wp-json\/wp\/v2\/media?parent=2908"}],"curies":[{"name":"wp","href":"https:\/\/api.w.org\/{rel}","templated":true}]}}