{"id":3424,"date":"2020-05-13T09:58:09","date_gmt":"2020-05-13T07:58:09","guid":{"rendered":"https:\/\/oms.fr\/?page_id=3424"},"modified":"2025-05-06T10:32:24","modified_gmt":"2025-05-06T08:32:24","slug":"solidarites","status":"publish","type":"page","link":"https:\/\/www.oms.fr\/en\/solidarites\/","title":{"rendered":"Solidarit\u00e9s"},"content":{"rendered":"<h4>Ressourcerie:<\/h4>\n<p>La Ressourcerie a pour mission le r\u00e9emploi et la r\u00e9utilisation d\u2019objets par la collecte et la revente de divers articles, petits \u00e9lectrom\u00e9nagers, textiles, jouets, pu\u00e9riculture, bibelot et autre. Isabelle et Pascale sont \u00e0 disposition le premier mercredi de chaque mois de 9 h \u00e0 12 h, pour recevoir les dons ou pour faire d\u00e9couvrir de nombreux objets \u00e0 petits prix.<\/p>\n<p>Local des associations<\/p>\n<p><a href=\"https:\/\/www.oms.fr\/wp-content\/uploads\/2025\/01\/Ressourcerie_OMS_V1.pdf\" target=\"_blank\" rel=\"noopener\"><img loading=\"lazy\" decoding=\"async\" class=\"alignnone wp-image-290139 size-medium\" src=\"https:\/\/www.oms.fr\/wp-content\/uploads\/2025\/01\/Ressourcerie_OMS_V1-212x300.png\" alt=\"\" width=\"212\" height=\"300\" srcset=\"https:\/\/www.oms.fr\/wp-content\/uploads\/2025\/01\/Ressourcerie_OMS_V1-212x300.png 212w, https:\/\/www.oms.fr\/wp-content\/uploads\/2025\/01\/Ressourcerie_OMS_V1-724x1024.png 724w, https:\/\/www.oms.fr\/wp-content\/uploads\/2025\/01\/Ressourcerie_OMS_V1-768x1086.png 768w, https:\/\/www.oms.fr\/wp-content\/uploads\/2025\/01\/Ressourcerie_OMS_V1-1086x1536.png 1086w, https:\/\/www.oms.fr\/wp-content\/uploads\/2025\/01\/Ressourcerie_OMS_V1-1448x2048.png 1448w, https:\/\/www.oms.fr\/wp-content\/uploads\/2025\/01\/Ressourcerie_OMS_V1.png 1587w\" sizes=\"auto, (max-width: 212px) 100vw, 212px\" \/><\/a><\/p>\n<p><img loading=\"lazy\" decoding=\"async\" class=\"alignnone size-medium wp-image-140244\" src=\"https:\/\/oms.fr\/wp-content\/uploads\/2023\/10\/image-300x169.jpg\" alt=\"\" width=\"300\" height=\"169\" srcset=\"https:\/\/www.oms.fr\/wp-content\/uploads\/2023\/10\/image-300x169.jpg 300w, https:\/\/www.oms.fr\/wp-content\/uploads\/2023\/10\/image-768x434.jpg 768w, https:\/\/www.oms.fr\/wp-content\/uploads\/2023\/10\/image.jpg 885w\" sizes=\"auto, (max-width: 300px) 100vw, 300px\" \/><\/p>","protected":false},"excerpt":{"rendered":"<p>Ressourcerie: La Ressourcerie a pour mission le r\u00e9emploi et la r\u00e9utilisation d\u2019objets par la collecte et la revente de divers articles, petits \u00e9lectrom\u00e9nagers, textiles, jouets, pu\u00e9riculture, bibelot et autre. Isabelle et Pascale sont \u00e0 disposition le premier mercredi de chaque [&hellip;]<\/p>\n","protected":false},"author":2,"featured_media":0,"parent":0,"menu_order":0,"comment_status":"closed","ping_status":"closed","template":"","meta":{"_acf_changed":false,"footnotes":""},"class_list":["post-3424","page","type-page","status-publish","hentry"],"acf":[],"_links":{"self":[{"href":"https:\/\/www.oms.fr\/en\/wp-json\/wp\/v2\/pages\/3424","targetHints":{"allow":["GET"]}}],"collection":[{"href":"https:\/\/www.oms.fr\/en\/wp-json\/wp\/v2\/pages"}],"about":[{"href":"https:\/\/www.oms.fr\/en\/wp-json\/wp\/v2\/types\/page"}],"author":[{"embeddable":true,"href":"https:\/\/www.oms.fr\/en\/wp-json\/wp\/v2\/users\/2"}],"replies":[{"embeddable":true,"href":"https:\/\/www.oms.fr\/en\/wp-json\/wp\/v2\/comments?post=3424"}],"version-history":[{"count":4,"href":"https:\/\/www.oms.fr\/en\/wp-json\/wp\/v2\/pages\/3424\/revisions"}],"predecessor-version":[{"id":374610,"href":"https:\/\/www.oms.fr\/en\/wp-json\/wp\/v2\/pages\/3424\/revisions\/374610"}],"wp:attachment":[{"href":"https:\/\/www.oms.fr\/en\/wp-json\/wp\/v2\/media?parent=3424"}],"curies":[{"name":"wp","href":"https:\/\/api.w.org\/{rel}","templated":true}]}}