{"id":3494,"date":"2020-05-13T16:05:20","date_gmt":"2020-05-13T14:05:20","guid":{"rendered":"https:\/\/oms.fr\/?page_id=3494"},"modified":"2021-01-12T18:54:19","modified_gmt":"2021-01-12T17:54:19","slug":"photos-canigou","status":"publish","type":"page","link":"https:\/\/www.oms.fr\/en\/photos-canigou\/","title":{"rendered":"Paysages, faune, flore Oms"},"content":{"rendered":"<div id=\"pl-3494\"  class=\"panel-layout\" ><div id=\"pg-3494-0\"  class=\"panel-grid panel-no-style\" ><div id=\"pgc-3494-0-0\"  class=\"panel-grid-cell\" ><div id=\"panel-3494-0-0-0\" class=\"so-panel widget widget_sow-slider panel-first-child panel-last-child\" data-index=\"0\" ><div class=\"fixdiapo panel-widget-style panel-widget-style-for-3494-0-0-0\" ><div\n\t\t\t\n\t\t\tclass=\"so-widget-sow-slider so-widget-sow-slider-default-6d39609536fd-3494\"\n\t\t\t\n\t\t>\t\t\t\t<div class=\"sow-slider-base\" style=\"display: none\" tabindex=\"0\">\n\t\t\t\t\t<ul\n\t\t\t\t\tclass=\"sow-slider-images\"\n\t\t\t\t\tdata-settings=\"{&quot;pagination&quot;:true,&quot;speed&quot;:2000,&quot;timeout&quot;:8000,&quot;paused&quot;:false,&quot;pause_on_hover&quot;:false,&quot;swipe&quot;:true,&quot;nav_always_show_desktop&quot;:&quot;&quot;,&quot;nav_always_show_mobile&quot;:&quot;&quot;,&quot;breakpoint&quot;:&quot;780px&quot;,&quot;unmute&quot;:false,&quot;anchor&quot;:null}\"\n\t\t\t\t\t\t\t\t\t\tdata-anchor-id=\"\"\n\t\t\t\t>\t\t<li class=\"sow-slider-image\" style=\"visibility: visible;\" >\n\t\t\t\t\t\t<img loading=\"lazy\" decoding=\"async\" width=\"853\" height=\"480\" src=\"https:\/\/www.oms.fr\/wp-content\/uploads\/2020\/05\/PhotOms3-e1612382411716.jpg\" class=\"sow-slider-background-image\" alt=\"\" style=\"\" \/>\t\t<\/li>\n\t\t\t\t<li class=\"sow-slider-image\" style=\"visibility: hidden;\" >\n\t\t\t\t\t\t\t\t<\/li>\n\t\t\t\t<li class=\"sow-slider-image\" style=\"visibility: hidden;\" >\n\t\t\t\t\t\t<img loading=\"lazy\" decoding=\"async\" width=\"1080\" height=\"650\" src=\"https:\/\/www.oms.fr\/wp-content\/uploads\/2020\/04\/village_Oms_4.jpg\" class=\"sow-slider-background-image\" alt=\"\" style=\"\" srcset=\"https:\/\/www.oms.fr\/wp-content\/uploads\/2020\/04\/village_Oms_4.jpg 1080w, https:\/\/www.oms.fr\/wp-content\/uploads\/2020\/04\/village_Oms_4-300x181.jpg 300w, https:\/\/www.oms.fr\/wp-content\/uploads\/2020\/04\/village_Oms_4-1024x616.jpg 1024w, https:\/\/www.oms.fr\/wp-content\/uploads\/2020\/04\/village_Oms_4-768x462.jpg 768w\" sizes=\"auto, (max-width: 1080px) 100vw, 1080px\" \/>\t\t<\/li>\n\t\t\t\t<li class=\"sow-slider-image\" style=\"visibility: hidden;\" >\n\t\t\t\t\t\t<img loading=\"lazy\" decoding=\"async\" width=\"1024\" height=\"616\" src=\"https:\/\/www.oms.fr\/wp-content\/uploads\/2020\/04\/village_Oms-1024x616-1.jpg\" class=\"sow-slider-background-image\" alt=\"\" style=\"\" srcset=\"https:\/\/www.oms.fr\/wp-content\/uploads\/2020\/04\/village_Oms-1024x616-1.jpg 1024w, https:\/\/www.oms.fr\/wp-content\/uploads\/2020\/04\/village_Oms-1024x616-1-300x180.jpg 300w, https:\/\/www.oms.fr\/wp-content\/uploads\/2020\/04\/village_Oms-1024x616-1-768x462.jpg 768w\" sizes=\"auto, (max-width: 1024px) 100vw, 1024px\" \/>\t\t<\/li>\n\t\t\t\t<li class=\"sow-slider-image\" style=\"visibility: hidden;\" >\n\t\t\t\t\t\t<img loading=\"lazy\" decoding=\"async\" width=\"641\" height=\"363\" src=\"https:\/\/www.oms.fr\/wp-content\/uploads\/2020\/04\/DSCN0137.jpg\" class=\"sow-slider-background-image\" alt=\"\" style=\"\" srcset=\"https:\/\/www.oms.fr\/wp-content\/uploads\/2020\/04\/DSCN0137.jpg 641w, https:\/\/www.oms.fr\/wp-content\/uploads\/2020\/04\/DSCN0137-300x170.jpg 300w\" sizes=\"auto, (max-width: 641px) 100vw, 641px\" \/>\t\t<\/li>\n\t\t\t\t<li class=\"sow-slider-image\" style=\"visibility: hidden;\" >\n\t\t\t\t\t\t<img loading=\"lazy\" decoding=\"async\" width=\"798\" height=\"480\" src=\"https:\/\/www.oms.fr\/wp-content\/uploads\/2020\/04\/village_Oms_2-e1612382632599.jpg\" class=\"sow-slider-background-image\" alt=\"\" style=\"\" \/>\t\t<\/li>\n\t\t\t\t<li class=\"sow-slider-image\" style=\"visibility: hidden;\" >\n\t\t\t\t\t\t<img loading=\"lazy\" decoding=\"async\" width=\"1024\" height=\"616\" src=\"https:\/\/www.oms.fr\/wp-content\/uploads\/2020\/04\/village_Oms_1-1024x616-1.jpg\" class=\"sow-slider-background-image\" alt=\"\" style=\"\" srcset=\"https:\/\/www.oms.fr\/wp-content\/uploads\/2020\/04\/village_Oms_1-1024x616-1.jpg 1024w, https:\/\/www.oms.fr\/wp-content\/uploads\/2020\/04\/village_Oms_1-1024x616-1-300x180.jpg 300w, https:\/\/www.oms.fr\/wp-content\/uploads\/2020\/04\/village_Oms_1-1024x616-1-768x462.jpg 768w\" sizes=\"auto, (max-width: 1024px) 100vw, 1024px\" \/>\t\t<\/li>\n\t\t\t\t<li class=\"sow-slider-image\" style=\"visibility: hidden;\" >\n\t\t\t\t\t\t<img loading=\"lazy\" decoding=\"async\" width=\"2298\" height=\"1085\" src=\"https:\/\/www.oms.fr\/wp-content\/uploads\/2020\/05\/2020-05-29-09.41.08.jpg\" class=\"sow-slider-background-image\" alt=\"\" style=\"\" srcset=\"https:\/\/www.oms.fr\/wp-content\/uploads\/2020\/05\/2020-05-29-09.41.08.jpg 2298w, https:\/\/www.oms.fr\/wp-content\/uploads\/2020\/05\/2020-05-29-09.41.08-300x142.jpg 300w, https:\/\/www.oms.fr\/wp-content\/uploads\/2020\/05\/2020-05-29-09.41.08-1024x483.jpg 1024w, https:\/\/www.oms.fr\/wp-content\/uploads\/2020\/05\/2020-05-29-09.41.08-768x363.jpg 768w, https:\/\/www.oms.fr\/wp-content\/uploads\/2020\/05\/2020-05-29-09.41.08-1536x725.jpg 1536w, https:\/\/www.oms.fr\/wp-content\/uploads\/2020\/05\/2020-05-29-09.41.08-2048x967.jpg 2048w\" sizes=\"auto, (max-width: 2298px) 100vw, 2298px\" \/>\t\t<\/li>\n\t\t\t\t<li class=\"sow-slider-image\" style=\"visibility: hidden;\" >\n\t\t\t\t\t\t<img loading=\"lazy\" decoding=\"async\" width=\"1280\" height=\"680\" src=\"https:\/\/www.oms.fr\/wp-content\/uploads\/2020\/04\/oms_le_soir.jpg\" class=\"sow-slider-background-image\" alt=\"\" style=\"\" srcset=\"https:\/\/www.oms.fr\/wp-content\/uploads\/2020\/04\/oms_le_soir.jpg 1280w, https:\/\/www.oms.fr\/wp-content\/uploads\/2020\/04\/oms_le_soir-300x159.jpg 300w, https:\/\/www.oms.fr\/wp-content\/uploads\/2020\/04\/oms_le_soir-1024x544.jpg 1024w, https:\/\/www.oms.fr\/wp-content\/uploads\/2020\/04\/oms_le_soir-768x408.jpg 768w, https:\/\/www.oms.fr\/wp-content\/uploads\/2020\/04\/oms_le_soir-1200x638.jpg 1200w\" sizes=\"auto, (max-width: 1280px) 100vw, 1280px\" \/>\t\t<\/li>\n\t\t\t\t<li class=\"sow-slider-image\" style=\"visibility: hidden;\" >\n\t\t\t\t\t\t<img loading=\"lazy\" decoding=\"async\" width=\"620\" height=\"209\" src=\"https:\/\/www.oms.fr\/wp-content\/uploads\/2020\/04\/oms-dans-la-laby.jpg\" class=\"sow-slider-background-image\" alt=\"\" style=\"\" srcset=\"https:\/\/www.oms.fr\/wp-content\/uploads\/2020\/04\/oms-dans-la-laby.jpg 620w, https:\/\/www.oms.fr\/wp-content\/uploads\/2020\/04\/oms-dans-la-laby-300x101.jpg 300w\" sizes=\"auto, (max-width: 620px) 100vw, 620px\" \/>\t\t<\/li>\n\t\t\t\t<li class=\"sow-slider-image\" style=\"visibility: hidden;\" >\n\t\t\t\t\t\t\t\t<\/li>\n\t\t\t\t<li class=\"sow-slider-image\" style=\"visibility: hidden;\" >\n\t\t\t\t\t\t\t\t<\/li>\n\t\t\t\t<li class=\"sow-slider-image\" style=\"visibility: hidden;\" >\n\t\t\t\t\t\t<img loading=\"lazy\" decoding=\"async\" width=\"1000\" height=\"415\" src=\"https:\/\/www.oms.fr\/wp-content\/uploads\/2020\/06\/village-coucher.jpg\" class=\"sow-slider-background-image\" alt=\"\" style=\"\" srcset=\"https:\/\/www.oms.fr\/wp-content\/uploads\/2020\/06\/village-coucher.jpg 1000w, https:\/\/www.oms.fr\/wp-content\/uploads\/2020\/06\/village-coucher-300x125.jpg 300w, https:\/\/www.oms.fr\/wp-content\/uploads\/2020\/06\/village-coucher-768x319.jpg 768w\" sizes=\"auto, (max-width: 1000px) 100vw, 1000px\" \/>\t\t<\/li>\n\t\t\t\t<li class=\"sow-slider-image\" style=\"visibility: hidden;\" >\n\t\t\t\t\t\t<img loading=\"lazy\" decoding=\"async\" width=\"1000\" height=\"568\" src=\"https:\/\/www.oms.fr\/wp-content\/uploads\/2020\/06\/village10mer.jpg\" class=\"sow-slider-background-image\" alt=\"\" style=\"\" srcset=\"https:\/\/www.oms.fr\/wp-content\/uploads\/2020\/06\/village10mer.jpg 1000w, https:\/\/www.oms.fr\/wp-content\/uploads\/2020\/06\/village10mer-300x170.jpg 300w, https:\/\/www.oms.fr\/wp-content\/uploads\/2020\/06\/village10mer-768x436.jpg 768w\" sizes=\"auto, (max-width: 1000px) 100vw, 1000px\" \/>\t\t<\/li>\n\t\t\t\t<li class=\"sow-slider-image\" style=\"visibility: hidden;\" >\n\t\t\t\t\t\t<img loading=\"lazy\" decoding=\"async\" width=\"2048\" height=\"1151\" src=\"https:\/\/www.oms.fr\/wp-content\/uploads\/2020\/06\/coucherde-soleilcanigou.jpg\" class=\"sow-slider-background-image\" alt=\"\" style=\"\" srcset=\"https:\/\/www.oms.fr\/wp-content\/uploads\/2020\/06\/coucherde-soleilcanigou.jpg 2048w, https:\/\/www.oms.fr\/wp-content\/uploads\/2020\/06\/coucherde-soleilcanigou-300x169.jpg 300w, https:\/\/www.oms.fr\/wp-content\/uploads\/2020\/06\/coucherde-soleilcanigou-1024x576.jpg 1024w, https:\/\/www.oms.fr\/wp-content\/uploads\/2020\/06\/coucherde-soleilcanigou-768x432.jpg 768w, https:\/\/www.oms.fr\/wp-content\/uploads\/2020\/06\/coucherde-soleilcanigou-1536x863.jpg 1536w\" sizes=\"auto, (max-width: 2048px) 100vw, 2048px\" \/>\t\t<\/li>\n\t\t\t\t<li class=\"sow-slider-image\" style=\"visibility: hidden;\" >\n\t\t\t\t\t\t<img loading=\"lazy\" decoding=\"async\" width=\"2048\" height=\"1152\" src=\"https:\/\/www.oms.fr\/wp-content\/uploads\/2020\/06\/arcencanigou.jpg\" class=\"sow-slider-background-image\" alt=\"\" style=\"\" srcset=\"https:\/\/www.oms.fr\/wp-content\/uploads\/2020\/06\/arcencanigou.jpg 2048w, https:\/\/www.oms.fr\/wp-content\/uploads\/2020\/06\/arcencanigou-300x169.jpg 300w, https:\/\/www.oms.fr\/wp-content\/uploads\/2020\/06\/arcencanigou-1024x576.jpg 1024w, https:\/\/www.oms.fr\/wp-content\/uploads\/2020\/06\/arcencanigou-768x432.jpg 768w, https:\/\/www.oms.fr\/wp-content\/uploads\/2020\/06\/arcencanigou-1536x864.jpg 1536w\" sizes=\"auto, (max-width: 2048px) 100vw, 2048px\" \/>\t\t<\/li>\n\t\t\t\t<li class=\"sow-slider-image\" style=\"visibility: hidden;\" >\n\t\t\t\t\t\t\t\t<\/li>\n\t\t\t\t<li class=\"sow-slider-image\" style=\"visibility: hidden;\" >\n\t\t\t\t\t\t<img loading=\"lazy\" decoding=\"async\" width=\"2560\" height=\"1707\" src=\"https:\/\/www.oms.fr\/wp-content\/uploads\/2020\/08\/photo-chris1-scaled.jpg\" class=\"sow-slider-background-image\" alt=\"\" style=\"\" srcset=\"https:\/\/www.oms.fr\/wp-content\/uploads\/2020\/08\/photo-chris1-scaled.jpg 2560w, https:\/\/www.oms.fr\/wp-content\/uploads\/2020\/08\/photo-chris1-300x200.jpg 300w, https:\/\/www.oms.fr\/wp-content\/uploads\/2020\/08\/photo-chris1-1024x683.jpg 1024w, https:\/\/www.oms.fr\/wp-content\/uploads\/2020\/08\/photo-chris1-768x512.jpg 768w, https:\/\/www.oms.fr\/wp-content\/uploads\/2020\/08\/photo-chris1-1536x1024.jpg 1536w, https:\/\/www.oms.fr\/wp-content\/uploads\/2020\/08\/photo-chris1-2048x1365.jpg 2048w, https:\/\/www.oms.fr\/wp-content\/uploads\/2020\/08\/photo-chris1-272x182.jpg 272w\" sizes=\"auto, (max-width: 2560px) 100vw, 2560px\" \/>\t\t<\/li>\n\t\t\t\t<li class=\"sow-slider-image\" style=\"visibility: hidden;\" >\n\t\t\t\t\t\t<img loading=\"lazy\" decoding=\"async\" width=\"2560\" height=\"1707\" src=\"https:\/\/www.oms.fr\/wp-content\/uploads\/2020\/08\/photochrisneige2-scaled.jpg\" class=\"sow-slider-background-image\" alt=\"\" style=\"\" srcset=\"https:\/\/www.oms.fr\/wp-content\/uploads\/2020\/08\/photochrisneige2-scaled.jpg 2560w, https:\/\/www.oms.fr\/wp-content\/uploads\/2020\/08\/photochrisneige2-300x200.jpg 300w, https:\/\/www.oms.fr\/wp-content\/uploads\/2020\/08\/photochrisneige2-1024x683.jpg 1024w, https:\/\/www.oms.fr\/wp-content\/uploads\/2020\/08\/photochrisneige2-768x512.jpg 768w, https:\/\/www.oms.fr\/wp-content\/uploads\/2020\/08\/photochrisneige2-1536x1024.jpg 1536w, https:\/\/www.oms.fr\/wp-content\/uploads\/2020\/08\/photochrisneige2-2048x1365.jpg 2048w, https:\/\/www.oms.fr\/wp-content\/uploads\/2020\/08\/photochrisneige2-272x182.jpg 272w\" sizes=\"auto, (max-width: 2560px) 100vw, 2560px\" \/>\t\t<\/li>\n\t\t<\/ul>\t\t\t\t<ol class=\"sow-slider-pagination\">\n\t\t\t\t\t\t\t\t\t\t\t<li><a href=\"#\" data-goto=\"0\" aria-label=\"Display slide 1\"><\/a><\/li>\n\t\t\t\t\t\t\t\t\t\t\t<li><a href=\"#\" data-goto=\"1\" aria-label=\"Display slide 2\"><\/a><\/li>\n\t\t\t\t\t\t\t\t\t\t\t<li><a href=\"#\" data-goto=\"2\" aria-label=\"Display slide 3\"><\/a><\/li>\n\t\t\t\t\t\t\t\t\t\t\t<li><a href=\"#\" data-goto=\"3\" aria-label=\"Display slide 4\"><\/a><\/li>\n\t\t\t\t\t\t\t\t\t\t\t<li><a href=\"#\" data-goto=\"4\" aria-label=\"Display slide 5\"><\/a><\/li>\n\t\t\t\t\t\t\t\t\t\t\t<li><a href=\"#\" data-goto=\"5\" aria-label=\"Display slide 6\"><\/a><\/li>\n\t\t\t\t\t\t\t\t\t\t\t<li><a href=\"#\" data-goto=\"6\" aria-label=\"Display slide 7\"><\/a><\/li>\n\t\t\t\t\t\t\t\t\t\t\t<li><a href=\"#\" data-goto=\"7\" aria-label=\"Display slide 8\"><\/a><\/li>\n\t\t\t\t\t\t\t\t\t\t\t<li><a href=\"#\" data-goto=\"8\" aria-label=\"Display slide 9\"><\/a><\/li>\n\t\t\t\t\t\t\t\t\t\t\t<li><a href=\"#\" data-goto=\"9\" aria-label=\"Display slide 10\"><\/a><\/li>\n\t\t\t\t\t\t\t\t\t\t\t<li><a href=\"#\" data-goto=\"10\" aria-label=\"Display slide 11\"><\/a><\/li>\n\t\t\t\t\t\t\t\t\t\t\t<li><a href=\"#\" data-goto=\"11\" aria-label=\"Display slide 12\"><\/a><\/li>\n\t\t\t\t\t\t\t\t\t\t\t<li><a href=\"#\" data-goto=\"12\" aria-label=\"Display slide 13\"><\/a><\/li>\n\t\t\t\t\t\t\t\t\t\t\t<li><a href=\"#\" data-goto=\"13\" aria-label=\"Display slide 14\"><\/a><\/li>\n\t\t\t\t\t\t\t\t\t\t\t<li><a href=\"#\" data-goto=\"14\" aria-label=\"Display slide 15\"><\/a><\/li>\n\t\t\t\t\t\t\t\t\t\t\t<li><a href=\"#\" data-goto=\"15\" aria-label=\"Display slide 16\"><\/a><\/li>\n\t\t\t\t\t\t\t\t\t\t\t<li><a href=\"#\" data-goto=\"16\" aria-label=\"Display slide 17\"><\/a><\/li>\n\t\t\t\t\t\t\t\t\t\t\t<li><a href=\"#\" data-goto=\"17\" aria-label=\"Display slide 18\"><\/a><\/li>\n\t\t\t\t\t\t\t\t\t\t\t<li><a href=\"#\" data-goto=\"18\" aria-label=\"Display slide 19\"><\/a><\/li>\n\t\t\t\t\t\t\t\t\t<\/ol>\n\n\t\t\t\t<div class=\"sow-slide-nav sow-slide-nav-next\">\n\t\t\t\t\t<a href=\"#\" data-goto=\"next\" aria-label=\"Next slide\" data-action=\"next\">\n\t\t\t\t\t\t<em class=\"sow-sld-icon-thin-right\"><\/em>\n\t\t\t\t\t<\/a>\n\t\t\t\t<\/div>\n\n\t\t\t\t<div class=\"sow-slide-nav sow-slide-nav-prev\">\n\t\t\t\t\t<a href=\"#\" data-goto=\"previous\" aria-label=\"Previous slide\" data-action=\"prev\">\n\t\t\t\t\t\t<em class=\"sow-sld-icon-thin-left\"><\/em>\n\t\t\t\t\t<\/a>\n\t\t\t\t<\/div>\n\t\t\t\t<\/div><\/div><\/div><\/div><\/div><\/div><div id=\"pg-3494-1\"  class=\"panel-grid panel-has-style\" ><div class=\"panel-row-style panel-row-style-for-3494-1\" ><div id=\"pgc-3494-1-0\"  class=\"panel-grid-cell\" ><div id=\"panel-3494-1-0-0\" class=\"so-panel widget widget_sow-slider panel-first-child\" data-index=\"1\" ><div class=\"panel-widget-style panel-widget-style-for-3494-1-0-0\" ><div\n\t\t\t\n\t\t\tclass=\"so-widget-sow-slider so-widget-sow-slider-default-6d39609536fd-3494\"\n\t\t\t\n\t\t>\t\t\t\t<div class=\"sow-slider-base\" style=\"display: none\" tabindex=\"0\">\n\t\t\t\t\t<ul\n\t\t\t\t\tclass=\"sow-slider-images\"\n\t\t\t\t\tdata-settings=\"{&quot;pagination&quot;:true,&quot;speed&quot;:2000,&quot;timeout&quot;:8000,&quot;paused&quot;:false,&quot;pause_on_hover&quot;:false,&quot;swipe&quot;:true,&quot;nav_always_show_desktop&quot;:&quot;&quot;,&quot;nav_always_show_mobile&quot;:&quot;&quot;,&quot;breakpoint&quot;:&quot;780px&quot;,&quot;unmute&quot;:false,&quot;anchor&quot;:null}\"\n\t\t\t\t\t\t\t\t\t\tdata-anchor-id=\"\"\n\t\t\t\t>\t\t<li class=\"sow-slider-image\" style=\"visibility: visible;\" >\n\t\t\t\t\t\t<img loading=\"lazy\" decoding=\"async\" width=\"1000\" height=\"667\" src=\"https:\/\/www.oms.fr\/wp-content\/uploads\/2020\/06\/blaireau1.jpg\" class=\"sow-slider-background-image\" alt=\"\" style=\"\" srcset=\"https:\/\/www.oms.fr\/wp-content\/uploads\/2020\/06\/blaireau1.jpg 1000w, https:\/\/www.oms.fr\/wp-content\/uploads\/2020\/06\/blaireau1-300x200.jpg 300w, https:\/\/www.oms.fr\/wp-content\/uploads\/2020\/06\/blaireau1-768x512.jpg 768w, https:\/\/www.oms.fr\/wp-content\/uploads\/2020\/06\/blaireau1-272x182.jpg 272w\" sizes=\"auto, (max-width: 1000px) 100vw, 1000px\" \/>\t\t<\/li>\n\t\t\t\t<li class=\"sow-slider-image\" style=\"visibility: hidden;\" >\n\t\t\t\t\t\t<img loading=\"lazy\" decoding=\"async\" width=\"1000\" height=\"667\" src=\"https:\/\/www.oms.fr\/wp-content\/uploads\/2020\/06\/belette.jpg\" class=\"sow-slider-background-image\" alt=\"\" style=\"\" srcset=\"https:\/\/www.oms.fr\/wp-content\/uploads\/2020\/06\/belette.jpg 1000w, https:\/\/www.oms.fr\/wp-content\/uploads\/2020\/06\/belette-300x200.jpg 300w, https:\/\/www.oms.fr\/wp-content\/uploads\/2020\/06\/belette-768x512.jpg 768w, https:\/\/www.oms.fr\/wp-content\/uploads\/2020\/06\/belette-272x182.jpg 272w\" sizes=\"auto, (max-width: 1000px) 100vw, 1000px\" \/>\t\t<\/li>\n\t\t\t\t<li class=\"sow-slider-image\" style=\"visibility: hidden;\" >\n\t\t\t\t\t\t<img loading=\"lazy\" decoding=\"async\" width=\"1000\" height=\"667\" src=\"https:\/\/www.oms.fr\/wp-content\/uploads\/2020\/06\/brocard.jpg\" class=\"sow-slider-background-image\" alt=\"\" style=\"\" srcset=\"https:\/\/www.oms.fr\/wp-content\/uploads\/2020\/06\/brocard.jpg 1000w, https:\/\/www.oms.fr\/wp-content\/uploads\/2020\/06\/brocard-300x200.jpg 300w, https:\/\/www.oms.fr\/wp-content\/uploads\/2020\/06\/brocard-768x512.jpg 768w, https:\/\/www.oms.fr\/wp-content\/uploads\/2020\/06\/brocard-272x182.jpg 272w\" sizes=\"auto, (max-width: 1000px) 100vw, 1000px\" \/>\t\t<\/li>\n\t\t\t\t<li class=\"sow-slider-image\" style=\"visibility: hidden;\" >\n\t\t\t\t\t\t<img loading=\"lazy\" decoding=\"async\" width=\"1000\" height=\"667\" src=\"https:\/\/www.oms.fr\/wp-content\/uploads\/2020\/06\/Blaireau.jpg\" class=\"sow-slider-background-image\" alt=\"\" style=\"\" srcset=\"https:\/\/www.oms.fr\/wp-content\/uploads\/2020\/06\/Blaireau.jpg 1000w, https:\/\/www.oms.fr\/wp-content\/uploads\/2020\/06\/Blaireau-300x200.jpg 300w, https:\/\/www.oms.fr\/wp-content\/uploads\/2020\/06\/Blaireau-768x512.jpg 768w, https:\/\/www.oms.fr\/wp-content\/uploads\/2020\/06\/Blaireau-272x182.jpg 272w\" sizes=\"auto, (max-width: 1000px) 100vw, 1000px\" \/>\t\t<\/li>\n\t\t\t\t<li class=\"sow-slider-image\" style=\"visibility: hidden;\" >\n\t\t\t\t\t\t<img loading=\"lazy\" decoding=\"async\" width=\"1000\" height=\"667\" src=\"https:\/\/www.oms.fr\/wp-content\/uploads\/2020\/06\/pic-epeche.jpg\" class=\"sow-slider-background-image\" alt=\"\" style=\"\" srcset=\"https:\/\/www.oms.fr\/wp-content\/uploads\/2020\/06\/pic-epeche.jpg 1000w, https:\/\/www.oms.fr\/wp-content\/uploads\/2020\/06\/pic-epeche-300x200.jpg 300w, https:\/\/www.oms.fr\/wp-content\/uploads\/2020\/06\/pic-epeche-768x512.jpg 768w, https:\/\/www.oms.fr\/wp-content\/uploads\/2020\/06\/pic-epeche-272x182.jpg 272w\" sizes=\"auto, (max-width: 1000px) 100vw, 1000px\" \/>\t\t<\/li>\n\t\t\t\t<li class=\"sow-slider-image\" style=\"visibility: hidden;\" >\n\t\t\t\t\t\t<img loading=\"lazy\" decoding=\"async\" width=\"1200\" height=\"800\" src=\"https:\/\/www.oms.fr\/wp-content\/uploads\/2020\/08\/DSC90341.jpg\" class=\"sow-slider-background-image\" alt=\"\" style=\"\" srcset=\"https:\/\/www.oms.fr\/wp-content\/uploads\/2020\/08\/DSC90341.jpg 1200w, https:\/\/www.oms.fr\/wp-content\/uploads\/2020\/08\/DSC90341-300x200.jpg 300w, https:\/\/www.oms.fr\/wp-content\/uploads\/2020\/08\/DSC90341-1024x683.jpg 1024w, https:\/\/www.oms.fr\/wp-content\/uploads\/2020\/08\/DSC90341-768x512.jpg 768w, https:\/\/www.oms.fr\/wp-content\/uploads\/2020\/08\/DSC90341-272x182.jpg 272w\" sizes=\"auto, (max-width: 1200px) 100vw, 1200px\" \/>\t\t<\/li>\n\t\t<\/ul>\t\t\t\t<ol class=\"sow-slider-pagination\">\n\t\t\t\t\t\t\t\t\t\t\t<li><a href=\"#\" data-goto=\"0\" aria-label=\"Display slide 1\"><\/a><\/li>\n\t\t\t\t\t\t\t\t\t\t\t<li><a href=\"#\" data-goto=\"1\" aria-label=\"Display slide 2\"><\/a><\/li>\n\t\t\t\t\t\t\t\t\t\t\t<li><a href=\"#\" data-goto=\"2\" aria-label=\"Display slide 3\"><\/a><\/li>\n\t\t\t\t\t\t\t\t\t\t\t<li><a href=\"#\" data-goto=\"3\" aria-label=\"Display slide 4\"><\/a><\/li>\n\t\t\t\t\t\t\t\t\t\t\t<li><a href=\"#\" data-goto=\"4\" aria-label=\"Display slide 5\"><\/a><\/li>\n\t\t\t\t\t\t\t\t\t\t\t<li><a href=\"#\" data-goto=\"5\" aria-label=\"Display slide 6\"><\/a><\/li>\n\t\t\t\t\t\t\t\t\t<\/ol>\n\n\t\t\t\t<div class=\"sow-slide-nav sow-slide-nav-next\">\n\t\t\t\t\t<a href=\"#\" data-goto=\"next\" aria-label=\"Next slide\" data-action=\"next\">\n\t\t\t\t\t\t<em class=\"sow-sld-icon-thin-right\"><\/em>\n\t\t\t\t\t<\/a>\n\t\t\t\t<\/div>\n\n\t\t\t\t<div class=\"sow-slide-nav sow-slide-nav-prev\">\n\t\t\t\t\t<a href=\"#\" data-goto=\"previous\" aria-label=\"Previous slide\" data-action=\"prev\">\n\t\t\t\t\t\t<em class=\"sow-sld-icon-thin-left\"><\/em>\n\t\t\t\t\t<\/a>\n\t\t\t\t<\/div>\n\t\t\t\t<\/div><\/div><\/div><\/div><div id=\"panel-3494-1-0-1\" class=\"so-panel widget widget_media_video panel-last-child\" data-index=\"2\" ><h3 class=\"widget-title\">lev\u00e9e de li\u00e8ge \u00e0 oms 2018<\/h3><div style=\"width:100%;\" class=\"wp-video\"><video class=\"wp-video-shortcode\" id=\"video-3494-1\" preload=\"metadata\" controls=\"controls\"><source type=\"video\/youtube\" src=\"https:\/\/www.youtube.com\/watch?v=RHqfDcKt9as&#038;_=1\" \/><a href=\"https:\/\/www.youtube.com\/watch?v=RHqfDcKt9as\">https:\/\/www.youtube.com\/watch?v=RHqfDcKt9as<\/a><\/video><\/div><\/div><\/div><\/div><\/div><\/div>","protected":false},"excerpt":{"rendered":"<p>lev\u00e9e de li\u00e8ge \u00e0 oms 2018https:\/\/www.youtube.com\/watch?v=RHqfDcKt9as<\/p>","protected":false},"author":2,"featured_media":0,"parent":0,"menu_order":0,"comment_status":"closed","ping_status":"closed","template":"","meta":{"_acf_changed":false,"footnotes":""},"class_list":["post-3494","page","type-page","status-publish","hentry"],"acf":[],"_links":{"self":[{"href":"https:\/\/www.oms.fr\/en\/wp-json\/wp\/v2\/pages\/3494","targetHints":{"allow":["GET"]}}],"collection":[{"href":"https:\/\/www.oms.fr\/en\/wp-json\/wp\/v2\/pages"}],"about":[{"href":"https:\/\/www.oms.fr\/en\/wp-json\/wp\/v2\/types\/page"}],"author":[{"embeddable":true,"href":"https:\/\/www.oms.fr\/en\/wp-json\/wp\/v2\/users\/2"}],"replies":[{"embeddable":true,"href":"https:\/\/www.oms.fr\/en\/wp-json\/wp\/v2\/comments?post=3494"}],"version-history":[{"count":0,"href":"https:\/\/www.oms.fr\/en\/wp-json\/wp\/v2\/pages\/3494\/revisions"}],"wp:attachment":[{"href":"https:\/\/www.oms.fr\/en\/wp-json\/wp\/v2\/media?parent=3494"}],"curies":[{"name":"wp","href":"https:\/\/api.w.org\/{rel}","templated":true}]}}