{"id":3609,"date":"2020-05-18T17:23:59","date_gmt":"2020-05-18T15:23:59","guid":{"rendered":"https:\/\/oms.fr\/?page_id=3609"},"modified":"2023-11-30T10:40:45","modified_gmt":"2023-11-30T09:40:45","slug":"realisations-en-cours","status":"publish","type":"page","link":"https:\/\/www.oms.fr\/en\/realisations-en-cours\/","title":{"rendered":"Les r\u00e9alisations en cours"},"content":{"rendered":"<h4>La place de l\u2019\u00c9glise fait peau neuve.<\/h4>\n<p>Le chantier d\u00e9bute le 20 novembre 2023 et concerne la r\u00e9novation de la place de l\u2019\u00c9glise.<\/p>\n<div><span class=\"highlight\">Pendant toute la dur\u00e9e des travaux ( 120 jours environ), le stationnement sera interdit sur TOUTE la place de l\u2019\u00c9glise.<\/span><\/div>\n<div>&#8212;&#8212;&#8212;&#8212;&#8212;&#8212;&#8212;&#8212;&#8212;&#8212;&#8212;&#8212;&#8212;&#8212;&#8212;&#8212;&#8212;&#8212;&#8212;&#8212;&#8212;&#8212;&#8212;&#8212;&#8212;&#8212;&#8212;&#8212;&#8212;&#8212;&#8212;&#8212;&#8212;&#8212;&#8212;&#8212;&#8212;&#8212;&#8212;&#8212;&#8212;&#8212;&#8212;&#8212;&#8212;&#8212;&#8212;&#8212;&#8212;-<\/div>\n<h4><a href=\"https:\/\/www.oms.fr\/en\/cafe-dici\/\" target=\"_blank\" rel=\"noopener noreferrer\">\u25ba Caf\u00e9 d&rsquo;ici :<\/a><\/h4>\n<p>&nbsp;<\/p>","protected":false},"excerpt":{"rendered":"<p>La place de l\u2019\u00c9glise fait peau neuve. Le chantier d\u00e9bute le 20 novembre 2023 et concerne la r\u00e9novation de la place de l\u2019\u00c9glise. Pendant toute la dur\u00e9e des travaux ( 120 jours environ), le stationnement sera interdit sur TOUTE la [&hellip;]<\/p>\n","protected":false},"author":2,"featured_media":0,"parent":0,"menu_order":0,"comment_status":"closed","ping_status":"closed","template":"","meta":{"_acf_changed":false,"footnotes":""},"class_list":["post-3609","page","type-page","status-publish","hentry"],"acf":[],"_links":{"self":[{"href":"https:\/\/www.oms.fr\/en\/wp-json\/wp\/v2\/pages\/3609","targetHints":{"allow":["GET"]}}],"collection":[{"href":"https:\/\/www.oms.fr\/en\/wp-json\/wp\/v2\/pages"}],"about":[{"href":"https:\/\/www.oms.fr\/en\/wp-json\/wp\/v2\/types\/page"}],"author":[{"embeddable":true,"href":"https:\/\/www.oms.fr\/en\/wp-json\/wp\/v2\/users\/2"}],"replies":[{"embeddable":true,"href":"https:\/\/www.oms.fr\/en\/wp-json\/wp\/v2\/comments?post=3609"}],"version-history":[{"count":0,"href":"https:\/\/www.oms.fr\/en\/wp-json\/wp\/v2\/pages\/3609\/revisions"}],"wp:attachment":[{"href":"https:\/\/www.oms.fr\/en\/wp-json\/wp\/v2\/media?parent=3609"}],"curies":[{"name":"wp","href":"https:\/\/api.w.org\/{rel}","templated":true}]}}