{"id":3883,"date":"2020-06-22T08:32:10","date_gmt":"2020-06-22T06:32:10","guid":{"rendered":"https:\/\/oms.fr\/?page_id=3883"},"modified":"2020-06-22T08:51:21","modified_gmt":"2020-06-22T06:51:21","slug":"elections","status":"publish","type":"page","link":"https:\/\/www.oms.fr\/en\/elections\/","title":{"rendered":"\u00c9lections"},"content":{"rendered":"<p>Les \u00e9lections sont un acte incontournable de la vie politique des citoyens. La commune est un acteur important de ce moment d\u00e9mocratique par son r\u00f4le concernant les inscriptions ou dans l&rsquo;organisation du vote.<\/p>\n<p><strong>S&rsquo;inscrire sur les listes \u00e9lectorales<\/strong><\/p>\n<p>L\u2019inscription est une d\u00e9marche citoyenne volontaire. Toutefois, les jeunes de 18 ans sont inscrits automatiquement sur les listes sur proposition de l\u2019INSEE (\u00e0 condition d\u2019avoir \u00e9t\u00e9 recens\u00e9 \u00e0 l\u2019\u00e2ge de 16 ans \u00e0 Oms).<\/p>\n<p><strong>Inscription mode d&#8217;emploi<\/strong><\/p>\n<p>Pour s\u2019inscrire sur les listes \u00e9lectorales, il faut avoir au moins 18 ans, \u00eatre de nationalit\u00e9 fran\u00e7aise (ou citoyen europ\u00e9en) et jouir de ses droits politiques et civils. L\u2019inscription peut se faire \u00e0 \u00a0la mairie de Oms sous pr\u00e9sentation d\u2019un justificatif d\u2019identit\u00e9 et de domicile, ou sur <a href=\"https:\/\/www.service-public.fr\/particuliers\/vosdroits\/R16396\">internet<\/a>.<\/p>\n<p>L\u2019\u00e9lecteur s\u2019inscrit du 1er janvier au 31 d\u00e9cembre pour l\u2019ann\u00e9e suivante : prise en compte de l\u2019inscription \u00e0 la cl\u00f4ture d\u00e9finitive des listes le 28 ou 29 f\u00e9vrier.<\/p>\n<p><strong>Les cartes \u00e9lectorales des nouveaux inscrits sont envoy\u00e9es au mois de mars.<\/strong><\/p>\n<p>Plus d\u2019information\u00a0ici\u00a0: <a href=\"https:\/\/www.service-public.fr\/particuliers\/vosdroits\/F1367\">www.service-public.fr\/particuliers\/vosdroits\/F1367<\/a><\/p>\n<p>Qu\u2019elles soient locales ou nationales, les \u00e9lections concernent l\u2019ensemble des citoyens de plus de 18 ans.<\/p>\n<p><strong>Comment voter ?<\/strong><\/p>\n<p>Pour participer \u00e0 une \u00e9lection <strong>politique<\/strong>, il faut \u00eatre inscrit sur la liste \u00e9lectorale. Les \u00e9lecteurs Europ\u00e9ens sont autoris\u00e9s \u00e0 voter (\u00e0 condition d\u2019\u00eatre inscrits sur les listes) pour les \u00e9lections europ\u00e9ennes et municipales. Pour voter, l\u2019\u00e9lecteur doit se pr\u00e9senter, le jour de l\u2019\u00e9lection, au bureau de vote inscrit sur sa carte \u00e9lectorale et pr\u00e9senter un\u00a0<a href=\"https:\/\/www.service-public.fr\/particuliers\/vosdroits\/F1361\">document justifiant son identit\u00e9<\/a>.\u00a0Il est possible de voter sans la carte d\u2019\u00e9lecteur mais la preuve de l\u2019identit\u00e9 est obligatoire.<\/p>\n<p>Les bureaux de vote sont constitu\u00e9s de 4 membres :<\/p>\n<ul>\n<li>le Pr\u00e9sident (le maire et les conseillers municipaux),<\/li>\n<li>le secr\u00e9taire (un employ\u00e9 communal fili\u00e8re administrative),<\/li>\n<li>deux assesseurs minimum (\u00e9lecteurs du d\u00e9partement, d\u00e9sign\u00e9s par les partis politiques).<\/li>\n<\/ul>\n<p><strong>Voter par procuration<\/strong><\/p>\n<p>En cas d\u2019emp\u00eachement, les administr\u00e9s peuvent recourir au vote par procuration qui consiste \u00e0 se faire repr\u00e9senter par un \u00e9lecteur inscrit dans la m\u00eame commune.<\/p>\n<p>Les procurations se font en personne dans les gendarmeries ou les commissariats de police ou les Tribunaux d\u2019instance; pour les fran\u00e7ais r\u00e9sidant \u00e0 l\u2019\u00e9tranger, dans les consulats. Il doit \u00eatre pr\u00e9sent\u00e9 une pi\u00e8ce d\u2019identit\u00e9. Le formulaire peut \u00eatre pr\u00e9-rempli sur internet par l\u2019\u00e9lecteur, puis imprim\u00e9 et valid\u00e9 par une de ces institutions.<\/p>\n<p>Il n\u2019y a pas lieu de fournir un justificatif li\u00e9 \u00e0 l\u2019emp\u00eachement de vote. Le mandataire ne doit pas faire l\u2019objet d\u2019une autre procuration \u00e9tablie en France. Le mandataire ne re\u00e7oit aucun document et doit simplement se pr\u00e9senter le jour du vote au bureau de vote du mandant.<\/p>\n<p>Une procuration peut \u00eatre \u00e9tablie pour un an, ou pour un scrutin (\u00e9ventuellement pour un seul tour). Si elle est \u00e9tablie \u00e0 l\u2019\u00e9tranger, la dur\u00e9e est port\u00e9e \u00e0 3 ans.<\/p>\n<p>Plus d\u2019information ici\u00a0: <a href=\"https:\/\/www.service-public.fr\/particuliers\/vosdroits\/F16904\">www.service-public.fr\/particuliers\/vosdroits\/F16904<\/a><\/p>","protected":false},"excerpt":{"rendered":"<p>Les \u00e9lections sont un acte incontournable de la vie politique des citoyens. La commune est un acteur important de ce moment d\u00e9mocratique par son r\u00f4le concernant les inscriptions ou dans l&rsquo;organisation du vote. S&rsquo;inscrire sur les listes \u00e9lectorales L\u2019inscription est [&hellip;]<\/p>\n","protected":false},"author":2,"featured_media":0,"parent":0,"menu_order":0,"comment_status":"closed","ping_status":"closed","template":"","meta":{"_acf_changed":false,"footnotes":""},"class_list":["post-3883","page","type-page","status-publish","hentry"],"acf":[],"_links":{"self":[{"href":"https:\/\/www.oms.fr\/en\/wp-json\/wp\/v2\/pages\/3883","targetHints":{"allow":["GET"]}}],"collection":[{"href":"https:\/\/www.oms.fr\/en\/wp-json\/wp\/v2\/pages"}],"about":[{"href":"https:\/\/www.oms.fr\/en\/wp-json\/wp\/v2\/types\/page"}],"author":[{"embeddable":true,"href":"https:\/\/www.oms.fr\/en\/wp-json\/wp\/v2\/users\/2"}],"replies":[{"embeddable":true,"href":"https:\/\/www.oms.fr\/en\/wp-json\/wp\/v2\/comments?post=3883"}],"version-history":[{"count":0,"href":"https:\/\/www.oms.fr\/en\/wp-json\/wp\/v2\/pages\/3883\/revisions"}],"wp:attachment":[{"href":"https:\/\/www.oms.fr\/en\/wp-json\/wp\/v2\/media?parent=3883"}],"curies":[{"name":"wp","href":"https:\/\/api.w.org\/{rel}","templated":true}]}}