{"id":4184,"date":"2020-07-23T16:33:15","date_gmt":"2020-07-23T14:33:15","guid":{"rendered":"https:\/\/oms.fr\/?page_id=4184"},"modified":"2024-05-30T23:09:54","modified_gmt":"2024-05-30T21:09:54","slug":"accueil2","status":"publish","type":"page","link":"https:\/\/www.oms.fr\/en\/","title":{"rendered":"Accueil2"},"content":{"rendered":"<div id=\"pl-4184\"  class=\"panel-layout\" ><div id=\"pg-4184-0\"  class=\"panel-grid panel-has-style\" ><div class=\"panel-row-style panel-row-style-for-4184-0\" ><div id=\"pgc-4184-0-0\"  class=\"panel-grid-cell\" ><div id=\"panel-4184-0-0-0\" class=\"so-panel widget widget_sow-layout-slider panel-first-child panel-last-child\" data-index=\"0\" ><div class=\"panel-widget-style panel-widget-style-for-4184-0-0-0\" ><div\n\t\t\t\n\t\t\tclass=\"so-widget-sow-layout-slider so-widget-sow-layout-slider-default-4b3e93ee875a-4184\"\n\t\t\t\n\t\t>\t\t\t\t<div class=\"sow-slider-base\" style=\"display: none\" tabindex=\"0\">\n\t\t\t\t\t<ul\n\t\t\t\t\tclass=\"sow-slider-images\"\n\t\t\t\t\tdata-settings=\"{&quot;pagination&quot;:true,&quot;speed&quot;:800,&quot;timeout&quot;:8000,&quot;paused&quot;:false,&quot;pause_on_hover&quot;:false,&quot;swipe&quot;:true,&quot;nav_always_show_desktop&quot;:&quot;&quot;,&quot;nav_always_show_mobile&quot;:&quot;&quot;,&quot;breakpoint&quot;:&quot;780px&quot;,&quot;unmute&quot;:false,&quot;anchor&quot;:null}\"\n\t\t\t\t\tstyle=\"min-height: 30%\"\t\t\t\t\tdata-anchor-id=\"\"\n\t\t\t\t>\t\t<li class=\"sow-slider-image  sow-slider-image-cover\" style=\"visibility: visible;;background-color: #333333;background-image: url(https:\/\/www.oms.fr\/wp-content\/uploads\/2020\/10\/village-oms-montagne-nature-66.jpg)\" >\n\t\t\t\t\t<div class=\"sow-slider-image-container\">\n\t\t\t<div class=\"sow-slider-image-wrapper\">\n\t\t\t\t<div id=\"pl-wd1bfdb9c\"  class=\"panel-layout\" ><div id=\"pg-wd1bfdb9c-0\"  class=\"panel-grid panel-has-style\" ><div class=\"animate-69f17009c2c35978969682 panel-row-style panel-row-style-for-wd1bfdb9c-0\" data-so-animation=\"{&quot;selector&quot;:&quot;.animate-69f17009c2c35978969682&quot;,&quot;animation&quot;:&quot;&quot;,&quot;breakpoint&quot;:&quot;780px&quot;,&quot;duration&quot;:1,&quot;repeat&quot;:0,&quot;hide&quot;:1,&quot;disableAnimationMobile&quot;:0,&quot;finalState&quot;:&quot;visible&quot;,&quot;delay&quot;:0,&quot;debounce&quot;:0.1,&quot;event&quot;:&quot;slide_display&quot;,&quot;offset&quot;:0,&quot;animation_type_slide_out&quot;:&quot;&quot;}\" ><div id=\"pgc-wd1bfdb9c-0-0\"  class=\"panel-grid-cell\" ><div id=\"panel-wd1bfdb9c-0-0-0\" class=\"so-panel widget widget_text panel-first-child panel-last-child\" data-index=\"0\" ><div class=\"texte-diapo animate-69f17009c2c97654090497 panel-widget-style panel-widget-style-for-wd1bfdb9c-0-0-0\" data-so-animation=\"{&quot;selector&quot;:&quot;.animate-69f17009c2c97654090497&quot;,&quot;animation&quot;:&quot;&quot;,&quot;breakpoint&quot;:&quot;780px&quot;,&quot;duration&quot;:1,&quot;repeat&quot;:0,&quot;hide&quot;:1,&quot;disableAnimationMobile&quot;:0,&quot;finalState&quot;:&quot;visible&quot;,&quot;delay&quot;:0,&quot;debounce&quot;:0.1,&quot;event&quot;:&quot;slide_display&quot;,&quot;offset&quot;:0,&quot;animation_type_slide_out&quot;:&quot;&quot;}\" >\t\t\t<div class=\"textwidget\"><p>Le village o\u00f9 il fait bon vivre.<br \/>\nVisiter, faire une pause ou s&rsquo;installer \u00e0 Oms et constater notre \u00e9thique :<br \/>\nRespecter le pass\u00e9, b\u00e2tir un avenir durable<\/p>\n<\/div>\n\t\t<\/div><\/div><\/div><\/div><\/div><\/div>\t\t\t<\/div>\n\t\t<\/div>\n\t\t\t\t<\/li>\n\t\t\t\t<li class=\"sow-slider-image  sow-slider-image-cover\" style=\"visibility: hidden;;background-color: #333333\" data-background=\"url(https:\/\/www.oms.fr\/wp-content\/uploads\/2020\/07\/champ-scaled.jpg)\" >\n\t\t\t\t\t<div class=\"sow-slider-image-container\">\n\t\t\t<div class=\"sow-slider-image-wrapper\">\n\t\t\t\t\t\t\t<\/div>\n\t\t<\/div>\n\t\t\t\t<\/li>\n\t\t\t\t<li class=\"sow-slider-image  sow-slider-image-cover\" style=\"visibility: hidden;;background-color: #333333\" data-background=\"url(https:\/\/www.oms.fr\/wp-content\/uploads\/2020\/08\/photochrisneige-scaled.jpg)\" >\n\t\t\t\t\t<div class=\"sow-slider-image-container\">\n\t\t\t<div class=\"sow-slider-image-wrapper\">\n\t\t\t\t\t\t\t<\/div>\n\t\t<\/div>\n\t\t\t\t<\/li>\n\t\t\t\t<li class=\"sow-slider-image  sow-slider-image-cover\" style=\"visibility: hidden;;background-color: #333333\" data-background=\"url(https:\/\/www.oms.fr\/wp-content\/uploads\/2020\/09\/biche.jpg)\" >\n\t\t\t\t\t<div class=\"sow-slider-image-container\">\n\t\t\t<div class=\"sow-slider-image-wrapper\">\n\t\t\t\t\t\t\t<\/div>\n\t\t<\/div>\n\t\t\t\t<\/li>\n\t\t\t\t<li class=\"sow-slider-image  sow-slider-image-cover\" style=\"visibility: hidden;;background-color: #333333\" data-background=\"url(https:\/\/www.oms.fr\/wp-content\/uploads\/2020\/09\/heurebleue2-scaled.jpg)\" >\n\t\t\t\t\t<div class=\"sow-slider-image-container\">\n\t\t\t<div class=\"sow-slider-image-wrapper\">\n\t\t\t\t\t\t\t<\/div>\n\t\t<\/div>\n\t\t\t\t<\/li>\n\t\t<\/ul>\t\t\t\t<ol class=\"sow-slider-pagination\">\n\t\t\t\t\t\t\t\t\t\t\t<li><a href=\"#\" data-goto=\"0\" aria-label=\"Display slide 1\"><\/a><\/li>\n\t\t\t\t\t\t\t\t\t\t\t<li><a href=\"#\" data-goto=\"1\" aria-label=\"Display slide 2\"><\/a><\/li>\n\t\t\t\t\t\t\t\t\t\t\t<li><a href=\"#\" data-goto=\"2\" aria-label=\"Display slide 3\"><\/a><\/li>\n\t\t\t\t\t\t\t\t\t\t\t<li><a href=\"#\" data-goto=\"3\" aria-label=\"Display slide 4\"><\/a><\/li>\n\t\t\t\t\t\t\t\t\t\t\t<li><a href=\"#\" data-goto=\"4\" aria-label=\"Display slide 5\"><\/a><\/li>\n\t\t\t\t\t\t\t\t\t<\/ol>\n\n\t\t\t\t<div class=\"sow-slide-nav sow-slide-nav-next\">\n\t\t\t\t\t<a href=\"#\" data-goto=\"next\" aria-label=\"Next slide\" data-action=\"next\">\n\t\t\t\t\t\t<em class=\"sow-sld-icon-thin-right\"><\/em>\n\t\t\t\t\t<\/a>\n\t\t\t\t<\/div>\n\n\t\t\t\t<div class=\"sow-slide-nav sow-slide-nav-prev\">\n\t\t\t\t\t<a href=\"#\" data-goto=\"previous\" aria-label=\"Previous slide\" data-action=\"prev\">\n\t\t\t\t\t\t<em class=\"sow-sld-icon-thin-left\"><\/em>\n\t\t\t\t\t<\/a>\n\t\t\t\t<\/div>\n\t\t\t\t<\/div><\/div><\/div><\/div><\/div><\/div><\/div><div id=\"pg-4184-1\"  class=\"panel-grid panel-has-style\" ><div class=\"panel-row-style panel-row-style-for-4184-1\" ><div id=\"pgc-4184-1-0\"  class=\"panel-grid-cell\" ><div id=\"panel-4184-1-0-0\" class=\"so-panel widget widget_sow-blog panel-first-child panel-last-child\" data-index=\"1\" ><div class=\"panel-widget-style panel-widget-style-for-4184-1-0-0\" ><div\n\t\t\t\n\t\t\tclass=\"so-widget-sow-blog so-widget-sow-blog-grid-a9351d3f864d-4184\"\n\t\t\t\n\t\t>\t\t\t<div class=\"sow-blog-title\">\n\t\t\t<h3 class=\"widget-title\">Les actus <span>de Oms<\/span><\/h3>\t\t<\/div>\n\t\t\t<div\n\t\tclass=\"sow-blog sow-blog-layout-grid\"\n\t\tdata-template=\"grid\"\n\t\tdata-settings=\"{&quot;columns&quot;:3,&quot;featured_image&quot;:true,&quot;featured_image_empty&quot;:true,&quot;featured_image_size&quot;:&quot;sow-blog-grid&quot;,&quot;featured_image_size_width&quot;:&quot;&quot;,&quot;featured_image_size_height&quot;:&quot;&quot;,&quot;tag&quot;:&quot;h2&quot;,&quot;content&quot;:&quot;excerpt&quot;,&quot;read_more&quot;:true,&quot;excerpt_length&quot;:35,&quot;excerpt_trim&quot;:&quot;&quot;,&quot;read_more_text&quot;:&quot;Lire la suite&quot;,&quot;date&quot;:true,&quot;filter_categories&quot;:false,&quot;categories&quot;:true,&quot;pagination&quot;:&quot;standard&quot;,&quot;pagination_reload&quot;:&quot;standard&quot;,&quot;so_field_container_state&quot;:&quot;open&quot;,&quot;featured_image_fallback&quot;:false,&quot;author&quot;:false,&quot;tags&quot;:false,&quot;comment_count&quot;:false,&quot;date_output_format&quot;:&quot;&quot;,&quot;trim_manual_excerpt&quot;:&quot;&quot;,&quot;template&quot;:&quot;grid&quot;}\"\n\t\tdata-paged=\"1\"\n\t\tdata-paging-id=\"a9351d3f864d\"\n\t\tdata-total-pages=\"61\"\n\t\tdata-hash=\"f0f695fc\"\n\t>\n\t\t\n\t\t\t\t\t\t\t<div class=\"sow-blog-posts\">\n\t\t\t\t<article id=\"post-644352\" class=\"post-644352 post type-post status-publish format-standard has-post-thumbnail hentry category-non-classe\" style=\"margin: 0 0 30px;\">\n\t\t\t\t\t<div class=\"sow-entry-thumbnail\">\n\t\t\t\t\t\t\t\t\t\t<a href=\"https:\/\/www.oms.fr\/en\/2026\/04\/09\/medicobus\/\">\n\t\t\t\t\t\t<img loading=\"lazy\" decoding=\"async\" width=\"720\" height=\"480\" src=\"https:\/\/www.oms.fr\/wp-content\/uploads\/2026\/04\/DOC090426_page-0001-720x480.jpg\" class=\"attachment-sow-blog-grid size-sow-blog-grid wp-post-image\" alt=\"\" srcset=\"https:\/\/www.oms.fr\/wp-content\/uploads\/2026\/04\/DOC090426_page-0001-720x480.jpg 720w, https:\/\/www.oms.fr\/wp-content\/uploads\/2026\/04\/DOC090426_page-0001-272x182.jpg 272w\" sizes=\"auto, (max-width: 720px) 100vw, 720px\" onload=\"imgLoaded(this)\" draggable=\"false\">\t\t\t\t\t<\/a>\n\t\t\t\t<\/div>\n\t\t\t\t\t\t\t<div class=\"sow-blog-content-wrapper\"\n\t\t style=\"padding: 25px 30px 33px;\">\n\t\t\t\t<header class=\"sow-entry-header\">\n\t\t\t<h2 class=\"sow-entry-title\" style=\"margin: 0 0 5px;\"><a href=\"https:\/\/www.oms.fr\/en\/2026\/04\/09\/medicobus\/\" rel=\"bookmark\">M\u00e9dicobus prochains passages<\/a><\/h2>\t\t\t<div class=\"sow-entry-meta\">\n\t\t\t\t\t\t\t<span class=\"sow-entry-date\">\n\t\t\t\t<a href=\"https:\/\/www.oms.fr\/en\/2026\/04\/09\/medicobus\/\" rel=\"bookmark\">\n\t\t\t\t\t<time class=\"published\" datetime=\"2026-04-09T10:32:15+02:00\">\n\t\t\t\t\t\t9 April 2026\t\t\t\t\t<\/time>\n\t\t\t\t\t<time class=\"updated\" datetime=\"2026-04-09T10:33:16+02:00\">\n\t\t\t\t\t\t9 April 2026\t\t\t\t\t<\/time>\n\t\t\t\t<\/a>\n\t\t\t<\/span>\n\t\t\n\t\t\n\t\t<span class=\"sow-entry-categories\"><a href=\"https:\/\/www.oms.fr\/en\/category\/non-classe\/\">Non class\u00e9<\/a><\/span>\n\t\t\t\t\t<\/div>\n\t\t<\/header>\n\n\t\t\t\t\t<div\n\t\t\t\tclass=\"sow-entry-content\"\n\t\t\t\tstyle=\"margin-top: 20px;\"\n\t\t\t>\n\t\t\t\t<p><\/p>\t\t\t<\/div>\n\t\t\t\t<\/div>\n<\/article>\n<article id=\"post-641559\" class=\"post-641559 post type-post status-publish format-standard hentry category-actualites\" style=\"margin: 0 0 30px;\">\n\t\t\t\t<div class=\"sow-blog-content-wrapper\"\n\t\t style=\"padding: 25px 30px 33px;\">\n\t\t\t\t<header class=\"sow-entry-header\">\n\t\t\t<h2 class=\"sow-entry-title\" style=\"margin: 0 0 5px;\"><a href=\"https:\/\/www.oms.fr\/en\/2026\/03\/30\/le-bim-est-de-retour\/\" rel=\"bookmark\">Le BIM est de retour<\/a><\/h2>\t\t\t<div class=\"sow-entry-meta\">\n\t\t\t\t\t\t\t<span class=\"sow-entry-date\">\n\t\t\t\t<a href=\"https:\/\/www.oms.fr\/en\/2026\/03\/30\/le-bim-est-de-retour\/\" rel=\"bookmark\">\n\t\t\t\t\t<time class=\"published\" datetime=\"2026-03-30T17:03:11+02:00\">\n\t\t\t\t\t\t30 March 2026\t\t\t\t\t<\/time>\n\t\t\t\t\t<time class=\"updated\" datetime=\"2026-03-30T17:03:11+02:00\">\n\t\t\t\t\t\t30 March 2026\t\t\t\t\t<\/time>\n\t\t\t\t<\/a>\n\t\t\t<\/span>\n\t\t\n\t\t\n\t\t<span class=\"sow-entry-categories\"><a href=\"https:\/\/www.oms.fr\/en\/category\/actualites\/\">Actualit\u00e9s<\/a><\/span>\n\t\t\t\t\t<\/div>\n\t\t<\/header>\n\n\t\t\t\t\t<div\n\t\t\t\tclass=\"sow-entry-content\"\n\t\t\t\tstyle=\"margin-top: 20px;\"\n\t\t\t>\n\t\t\t\t<p>Retrouvez le bulletin d&rsquo;informations municipales d&rsquo;avril 2026. Il sera \u00e9dit\u00e9 chaque trimestre. Ce num\u00e9ro a \u00e9t\u00e9 distribu\u00e9 dans toutes les bo\u00eetes. Conscient de r\u00e9duire notre impact environnemental, les prochains num\u00e9ros seront envoy\u00e9s \u00e0 tous par...<a class=\"sow-more-link more-link excerpt\" href=\"https:\/\/www.oms.fr\/en\/2026\/03\/30\/le-bim-est-de-retour\/\">Lire la suite<span class=\"sow-more-link-arrow\">&rarr;<\/span><\/a><\/p>\t\t\t<\/div>\n\t\t\t\t<\/div>\n<\/article>\n<article id=\"post-600385\" class=\"post-600385 post type-post status-publish format-standard has-post-thumbnail hentry category-non-classe\" style=\"margin: 0 0 30px;\">\n\t\t\t\t\t<div class=\"sow-entry-thumbnail\">\n\t\t\t\t\t\t\t\t\t\t<a href=\"https:\/\/www.oms.fr\/en\/2026\/02\/11\/grande-rifle-a-oms\/\">\n\t\t\t\t\t\t<img loading=\"lazy\" decoding=\"async\" width=\"512\" height=\"480\" src=\"https:\/\/www.oms.fr\/wp-content\/uploads\/2026\/02\/626025309_1499596888835479_7164784072978407148_n-512x480.jpg\" class=\"attachment-sow-blog-grid size-sow-blog-grid wp-post-image\" alt=\"\" onload=\"imgLoaded(this)\" draggable=\"false\">\t\t\t\t\t<\/a>\n\t\t\t\t<\/div>\n\t\t\t\t\t\t\t<div class=\"sow-blog-content-wrapper\"\n\t\t style=\"padding: 25px 30px 33px;\">\n\t\t\t\t<header class=\"sow-entry-header\">\n\t\t\t<h2 class=\"sow-entry-title\" style=\"margin: 0 0 5px;\"><a href=\"https:\/\/www.oms.fr\/en\/2026\/02\/11\/grande-rifle-a-oms\/\" rel=\"bookmark\">GRANDE RIFLE A OMS<\/a><\/h2>\t\t\t<div class=\"sow-entry-meta\">\n\t\t\t\t\t\t\t<span class=\"sow-entry-date\">\n\t\t\t\t<a href=\"https:\/\/www.oms.fr\/en\/2026\/02\/11\/grande-rifle-a-oms\/\" rel=\"bookmark\">\n\t\t\t\t\t<time class=\"published\" datetime=\"2026-02-11T18:55:57+01:00\">\n\t\t\t\t\t\t11 February 2026\t\t\t\t\t<\/time>\n\t\t\t\t\t<time class=\"updated\" datetime=\"2026-02-11T19:01:51+01:00\">\n\t\t\t\t\t\t11 February 2026\t\t\t\t\t<\/time>\n\t\t\t\t<\/a>\n\t\t\t<\/span>\n\t\t\n\t\t\n\t\t<span class=\"sow-entry-categories\"><a href=\"https:\/\/www.oms.fr\/en\/category\/non-classe\/\">Non class\u00e9<\/a><\/span>\n\t\t\t\t\t<\/div>\n\t\t<\/header>\n\n\t\t\t\t\t<div\n\t\t\t\tclass=\"sow-entry-content\"\n\t\t\t\tstyle=\"margin-top: 20px;\"\n\t\t\t>\n\t\t\t\t<p>&nbsp; &nbsp; &nbsp; &nbsp; &nbsp; &nbsp; &nbsp; &nbsp; &nbsp; Organis\u00e9 par les Trois Printemps ==========================================<\/p>\t\t\t<\/div>\n\t\t\t\t<\/div>\n<\/article>\n\t\t\t<\/div>\n\t\t\t\t\t\t<nav class=\"sow-post-navigation\">\n\t\t\t\t<h3 class=\"screen-reader-text\">Pagination<\/h3>\n\t\t\t\t<div class=\"sow-nav-links sow-post-pagination-standard\">\n\t\t\t\t\t<span aria-current=\"page\" class=\"page-numbers current\">1<\/span>\n<a class=\"page-numbers\" href=\"https:\/\/www.oms.fr\/en\/2026\/02\/11\/grande-rifle-a-oms\/?sow-a9351d3f864d=2\">2<\/a>\n<a class=\"page-numbers\" href=\"https:\/\/www.oms.fr\/en\/2026\/02\/11\/grande-rifle-a-oms\/?sow-a9351d3f864d=3\">3<\/a>\n<span class=\"page-numbers dots\">&hellip;<\/span>\n<a class=\"page-numbers\" href=\"https:\/\/www.oms.fr\/en\/2026\/02\/11\/grande-rifle-a-oms\/?sow-a9351d3f864d=61\">61<\/a>\n<a class=\"next page-numbers\" href=\"https:\/\/www.oms.fr\/en\/2026\/02\/11\/grande-rifle-a-oms\/?sow-a9351d3f864d=2\">&rarr;<\/a>\t\t\t\t<\/div>\n\t\t\t<\/nav>\n\t\t\t\t\t\t\t\t<\/div>\n\t<\/div><\/div><\/div><\/div><\/div><\/div><div id=\"pg-4184-2\"  class=\"panel-grid panel-has-style\" ><div class=\"panel-row-style panel-row-style-for-4184-2\" ><div id=\"pgc-4184-2-0\"  class=\"panel-grid-cell panel-grid-cell-empty\" ><\/div><div id=\"pgc-4184-2-1\"  class=\"panel-grid-cell\" ><div id=\"panel-4184-2-1-0\" class=\"so-panel widget widget_sow-icon panel-first-child\" data-index=\"2\" ><div\n\t\t\t\n\t\t\tclass=\"so-widget-sow-icon so-widget-sow-icon-default-65c29410cf7e-600385\"\n\t\t\t\n\t\t>\n<div class=\"sow-icon-container sow-icon\">\n\t\t\t<a href=\"https:\/\/www.oms.fr\/en\/bulletins-dinformations-municipales\/\" \n\t\t\t\t>\n\t\t\t<span class=\"sow-icon-fontawesome sow-far\" data-sow-icon=\"&#xf1ea;\"\n\t\t title=\"Bulletin d&#039;informations municipales\"\n\t\taria-hidden=\"true\"><\/span>\t\t\t<\/a>\n\t<\/div>\n<\/div><\/div><div id=\"panel-4184-2-1-1\" class=\"so-panel widget widget_sow-editor panel-last-child\" data-index=\"3\" ><div class=\"panel-widget-style panel-widget-style-for-4184-2-1-1\" ><div\n\t\t\t\n\t\t\tclass=\"so-widget-sow-editor so-widget-sow-editor-base\"\n\t\t\t\n\t\t>\n<div class=\"siteorigin-widget-tinymce textwidget\">\n\t<p style=\"text-align: center;\"><strong>Bulletins d'informations municipales<\/strong><\/p>\n<\/div>\n<\/div><\/div><\/div><\/div><div id=\"pgc-4184-2-2\"  class=\"panel-grid-cell\" ><div id=\"panel-4184-2-2-0\" class=\"so-panel widget widget_sow-icon panel-first-child\" data-index=\"4\" ><div\n\t\t\t\n\t\t\tclass=\"so-widget-sow-icon so-widget-sow-icon-default-65c29410cf7e-600385\"\n\t\t\t\n\t\t>\n<div class=\"sow-icon-container sow-icon\">\n\t\t\t<a href=\"https:\/\/www.oms.fr\/en\/la-bibliotheque\/\" \n\t\t\t\t>\n\t\t\t<span class=\"sow-icon-fontawesome sow-fas\" data-sow-icon=\"&#xf518;\"\n\t\t title=\"Biblioth\u00e8que\"\n\t\taria-hidden=\"true\"><\/span>\t\t\t<\/a>\n\t<\/div>\n<\/div><\/div><div id=\"panel-4184-2-2-1\" class=\"so-panel widget widget_sow-editor panel-last-child\" data-index=\"5\" ><div class=\"panel-widget-style panel-widget-style-for-4184-2-2-1\" ><div\n\t\t\t\n\t\t\tclass=\"so-widget-sow-editor so-widget-sow-editor-base\"\n\t\t\t\n\t\t>\n<div class=\"siteorigin-widget-tinymce textwidget\">\n\t<p style=\"text-align: center;\"><strong>Biblioth\u00e8que<\/strong><\/p>\n<\/div>\n<\/div><\/div><\/div><\/div><div id=\"pgc-4184-2-3\"  class=\"panel-grid-cell panel-grid-cell-mobile-last\" ><div id=\"panel-4184-2-3-0\" class=\"so-panel widget widget_sow-icon panel-first-child\" data-index=\"6\" ><div\n\t\t\t\n\t\t\tclass=\"so-widget-sow-icon so-widget-sow-icon-default-65c29410cf7e-600385\"\n\t\t\t\n\t\t>\n<div class=\"sow-icon-container sow-icon\">\n\t\t\t<a href=\"\/en\/hebergements-restauration\/\" \n\t\t\t\t>\n\t\t\t<span class=\"sow-icon-fontawesome sow-fas\" data-sow-icon=\"&#xf015;\"\n\t\t title=\"H\u00e9bergement &amp; Restauration\"\n\t\taria-hidden=\"true\"><\/span>\t\t\t<\/a>\n\t<\/div>\n<\/div><\/div><div id=\"panel-4184-2-3-1\" class=\"so-panel widget widget_sow-editor panel-last-child\" data-index=\"7\" ><div class=\"panel-widget-style panel-widget-style-for-4184-2-3-1\" ><div\n\t\t\t\n\t\t\tclass=\"so-widget-sow-editor so-widget-sow-editor-base\"\n\t\t\t\n\t\t>\n<div class=\"siteorigin-widget-tinymce textwidget\">\n\t<p style=\"text-align: center;\"><strong>H\u00e9bergement &amp; restauration<br \/>\n<\/strong><\/p>\n<\/div>\n<\/div><\/div><\/div><\/div><div id=\"pgc-4184-2-4\"  class=\"panel-grid-cell panel-grid-cell-empty\" ><\/div><\/div><\/div><div id=\"pg-4184-3\"  class=\"panel-grid panel-has-style\" ><div class=\"panel-row-style panel-row-style-for-4184-3\" ><div id=\"pgc-4184-3-0\"  class=\"panel-grid-cell panel-grid-cell-empty\" ><\/div><div id=\"pgc-4184-3-1\"  class=\"panel-grid-cell\" ><div id=\"panel-4184-3-1-0\" class=\"so-panel widget widget_media_image panel-first-child\" data-index=\"8\" ><a href=\"https:\/\/www.payspyreneesmediterranee.org\/\" target=\"_blank\"><img loading=\"lazy\" decoding=\"async\" width=\"150\" height=\"150\" src=\"https:\/\/www.oms.fr\/wp-content\/uploads\/2021\/02\/logo-ppm-carre-bd-150x150.jpg\" class=\"image wp-image-7158  attachment-thumbnail size-thumbnail\" alt=\"\" style=\"max-width: 100%; height: auto;\" srcset=\"https:\/\/www.oms.fr\/wp-content\/uploads\/2021\/02\/logo-ppm-carre-bd-150x150.jpg 150w, https:\/\/www.oms.fr\/wp-content\/uploads\/2021\/02\/logo-ppm-carre-bd-55x55.jpg 55w, https:\/\/www.oms.fr\/wp-content\/uploads\/2021\/02\/logo-ppm-carre-bd.jpg 275w\" sizes=\"auto, (max-width: 150px) 100vw, 150px\" \/><\/a><\/div><div id=\"panel-4184-3-1-1\" class=\"so-panel widget widget_sow-editor panel-last-child\" data-index=\"9\" ><div\n\t\t\t\n\t\t\tclass=\"so-widget-sow-editor so-widget-sow-editor-base\"\n\t\t\t\n\t\t>\n<div class=\"siteorigin-widget-tinymce textwidget\">\n\t<p style=\"text-align: left;\"><strong>Pays Pyr\u00e9n\u00e9es M\u00e9diterran\u00e9e<\/strong><\/p>\n<\/div>\n<\/div><\/div><\/div><div id=\"pgc-4184-3-2\"  class=\"panel-grid-cell\" ><div id=\"panel-4184-3-2-0\" class=\"so-panel widget widget_media_image panel-first-child\" data-index=\"10\" ><a href=\"http:\/\/www.cc-aspres.fr\/\" target=\"_blank\"><img loading=\"lazy\" decoding=\"async\" width=\"150\" height=\"150\" src=\"https:\/\/www.oms.fr\/wp-content\/uploads\/2020\/04\/280px-Logo_CdC_Aspres-150x150.jpg\" class=\"image wp-image-3211  attachment-thumbnail size-thumbnail\" alt=\"\" style=\"max-width: 100%; height: auto;\" srcset=\"https:\/\/www.oms.fr\/wp-content\/uploads\/2020\/04\/280px-Logo_CdC_Aspres-150x150.jpg 150w, https:\/\/www.oms.fr\/wp-content\/uploads\/2020\/04\/280px-Logo_CdC_Aspres-55x55.jpg 55w, https:\/\/www.oms.fr\/wp-content\/uploads\/2020\/04\/280px-Logo_CdC_Aspres-e1589629433518.jpg 45w\" sizes=\"auto, (max-width: 150px) 100vw, 150px\" \/><\/a><\/div><div id=\"panel-4184-3-2-1\" class=\"so-panel widget widget_sow-editor panel-last-child\" data-index=\"11\" ><div\n\t\t\t\n\t\t\tclass=\"so-widget-sow-editor so-widget-sow-editor-base\"\n\t\t\t\n\t\t>\n<div class=\"siteorigin-widget-tinymce textwidget\">\n\t<p style=\"text-align: left;\"><strong>C.C des Aspres<\/strong><\/p>\n<\/div>\n<\/div><\/div><\/div><div id=\"pgc-4184-3-3\"  class=\"panel-grid-cell panel-grid-cell-mobile-last\" ><div id=\"panel-4184-3-3-0\" class=\"so-panel widget widget_media_image panel-first-child\" data-index=\"12\" ><div class=\"panel-widget-style panel-widget-style-for-4184-3-3-0\" ><a href=\"https:\/\/aspres-thuir.com\/\" target=\"_blank\"><img loading=\"lazy\" decoding=\"async\" width=\"300\" height=\"247\" src=\"https:\/\/www.oms.fr\/wp-content\/uploads\/2020\/07\/aspres-thuir-300x247.jpg\" class=\"image wp-image-4411  attachment-medium size-medium\" alt=\"\" style=\"max-width: 100%; height: auto;\" srcset=\"https:\/\/www.oms.fr\/wp-content\/uploads\/2020\/07\/aspres-thuir-300x247.jpg 300w, https:\/\/www.oms.fr\/wp-content\/uploads\/2020\/07\/aspres-thuir.jpg 662w\" sizes=\"auto, (max-width: 300px) 100vw, 300px\" \/><\/a><\/div><\/div><div id=\"panel-4184-3-3-1\" class=\"so-panel widget widget_sow-editor panel-last-child\" data-index=\"13\" ><div\n\t\t\t\n\t\t\tclass=\"so-widget-sow-editor so-widget-sow-editor-base\"\n\t\t\t\n\t\t>\n<div class=\"siteorigin-widget-tinymce textwidget\">\n\t<p style=\"text-align: left;\"><strong>Office du Tourisme<\/strong><\/p>\n<\/div>\n<\/div><\/div><\/div><div id=\"pgc-4184-3-4\"  class=\"panel-grid-cell panel-grid-cell-empty\" ><\/div><\/div><\/div><\/div>","protected":false},"excerpt":{"rendered":"<p>Le village o\u00f9 il fait bon vivre. Visiter, faire une pause ou s&rsquo;installer \u00e0 Oms et constater notre \u00e9thique : Respecter le pass\u00e9, b\u00e2tir un avenir durable Les actus de Oms M\u00e9dicobus prochains passages 9&#8230;<\/p>","protected":false},"author":1,"featured_media":0,"parent":0,"menu_order":0,"comment_status":"closed","ping_status":"closed","template":"template-parts\/classique-sans-header.php","meta":{"_acf_changed":false,"footnotes":""},"class_list":["post-4184","page","type-page","status-publish","hentry"],"acf":[],"_links":{"self":[{"href":"https:\/\/www.oms.fr\/en\/wp-json\/wp\/v2\/pages\/4184","targetHints":{"allow":["GET"]}}],"collection":[{"href":"https:\/\/www.oms.fr\/en\/wp-json\/wp\/v2\/pages"}],"about":[{"href":"https:\/\/www.oms.fr\/en\/wp-json\/wp\/v2\/types\/page"}],"author":[{"embeddable":true,"href":"https:\/\/www.oms.fr\/en\/wp-json\/wp\/v2\/users\/1"}],"replies":[{"embeddable":true,"href":"https:\/\/www.oms.fr\/en\/wp-json\/wp\/v2\/comments?post=4184"}],"version-history":[{"count":2,"href":"https:\/\/www.oms.fr\/en\/wp-json\/wp\/v2\/pages\/4184\/revisions"}],"predecessor-version":[{"id":515929,"href":"https:\/\/www.oms.fr\/en\/wp-json\/wp\/v2\/pages\/4184\/revisions\/515929"}],"wp:attachment":[{"href":"https:\/\/www.oms.fr\/en\/wp-json\/wp\/v2\/media?parent=4184"}],"curies":[{"name":"wp","href":"https:\/\/api.w.org\/{rel}","templated":true}]}}