{"id":6058,"date":"2021-02-05T21:32:15","date_gmt":"2021-02-05T20:32:15","guid":{"rendered":"https:\/\/oms.fr\/?page_id=6058"},"modified":"2021-03-02T21:48:02","modified_gmt":"2021-03-02T20:48:02","slug":"paysages-faune-flore","status":"publish","type":"page","link":"https:\/\/www.oms.fr\/en\/paysages-faune-flore\/","title":{"rendered":"Paysages, faune, flore"},"content":{"rendered":"<div id=\"pl-6058\"  class=\"panel-layout\" ><div id=\"pg-6058-0\"  class=\"panel-grid panel-no-style\" ><div id=\"pgc-6058-0-0\"  class=\"panel-grid-cell\" ><div id=\"panel-6058-0-0-0\" class=\"so-panel widget widget_sow-editor panel-first-child panel-last-child\" data-index=\"0\" ><div\n\t\t\t\n\t\t\tclass=\"so-widget-sow-editor so-widget-sow-editor-base\"\n\t\t\t\n\t\t>\n<div class=\"siteorigin-widget-tinymce textwidget\">\n\t<p>En Catalan, le mot \u00ab aspres \u00bb signifie \u00ab aride \u00bb. Effectivement, l\u2019aridit\u00e9 est une caract\u00e9ristique principale du paysage, de la flore et de la faune locaux. Perpignan a des pr\u00e9cipitations moyennes de seulement 558 mm par an, une des plus bas de France. Les ruisseaux dans la commune d\u2019Oms ne coulent qu\u2019apr\u00e8s les pr\u00e9cipitations fortes. La flore aussi refl\u00e8te l\u2019aridit\u00e9 de la commune, avec beaucoup de magnifiques plantes adapt\u00e9es \u00e0 un climat sec.<\/p>\n<\/div>\n<\/div><\/div><\/div><\/div><div id=\"pg-6058-1\"  class=\"panel-grid panel-no-style\" ><div id=\"pgc-6058-1-0\"  class=\"panel-grid-cell\" ><div id=\"panel-6058-1-0-0\" class=\"so-panel widget widget_sow-image panel-first-child panel-last-child\" data-index=\"1\" ><div\n\t\t\t\n\t\t\tclass=\"so-widget-sow-image so-widget-sow-image-default-8b5b6f678277-6058\"\n\t\t\t data-overlay-enabled=\"1\" data-overlay-settings=\"{&quot;enabled_for_widgets&quot;:[&quot;sow-image&quot;,&quot;sow-image-grid&quot;,&quot;sow-simple-masonry&quot;],&quot;theme&quot;:&quot;&quot;,&quot;show_delay&quot;:300,&quot;overlay_color&quot;:&quot;#000000&quot;,&quot;overlay_opacity&quot;:0.8,&quot;overlay_position&quot;:&quot;bottom&quot;,&quot;overlay_size&quot;:0.3,&quot;desktop_show_trigger&quot;:&quot;hover&quot;,&quot;touch_show_trigger&quot;:&quot;touch&quot;,&quot;responsive_breakpoint&quot;:&quot;1024px&quot;,&quot;responsive_breakpoint_unit&quot;:&quot;px&quot;,&quot;overlay_animation&quot;:&quot;fade&quot;,&quot;overlay_animation_onscreen&quot;:false,&quot;font_family&quot;:&quot;&quot;,&quot;text_size&quot;:&quot;15px&quot;,&quot;text_size_unit&quot;:&quot;px&quot;,&quot;text_color&quot;:&quot;#fff&quot;,&quot;text_padding&quot;:&quot;22px 22px 22px 22px&quot;,&quot;text_position&quot;:&quot;middle&quot;,&quot;text_align&quot;:&quot;left&quot;,&quot;text_animation&quot;:&quot;&quot;}\"\n\t\t>\n<div class=\"sow-image-container\">\n\t\t<img \n\tsrc=\"https:\/\/www.oms.fr\/wp-content\/uploads\/2021\/02\/Carte_66_pyrenees-orientales-72dpi-w-Oms.jpg\" width=\"728\" height=\"516\" srcset=\"https:\/\/www.oms.fr\/wp-content\/uploads\/2021\/02\/Carte_66_pyrenees-orientales-72dpi-w-Oms.jpg 728w, https:\/\/www.oms.fr\/wp-content\/uploads\/2021\/02\/Carte_66_pyrenees-orientales-72dpi-w-Oms-300x213.jpg 300w\" sizes=\"(max-width: 728px) 100vw, 728px\" title=\"Carte_66_pyrenees-orientales 72dpi w Oms\" alt=\"\" \t\tclass=\"so-widget-image\"\/>\n\t<\/div>\n\n<\/div><\/div><\/div><div id=\"pgc-6058-1-1\"  class=\"panel-grid-cell\" ><div id=\"panel-6058-1-1-0\" class=\"so-panel widget widget_sow-slider panel-first-child panel-last-child\" data-index=\"2\" ><div class=\"fixdiapo panel-widget-style panel-widget-style-for-6058-1-1-0\" ><div\n\t\t\t\n\t\t\tclass=\"so-widget-sow-slider so-widget-sow-slider-default-6d39609536fd-6058\"\n\t\t\t\n\t\t>\t\t\t\t<div class=\"sow-slider-base\" style=\"display: none\" tabindex=\"0\">\n\t\t\t\t\t<ul\n\t\t\t\t\tclass=\"sow-slider-images\"\n\t\t\t\t\tdata-settings=\"{&quot;pagination&quot;:true,&quot;speed&quot;:800,&quot;timeout&quot;:5000,&quot;paused&quot;:false,&quot;pause_on_hover&quot;:false,&quot;swipe&quot;:true,&quot;nav_always_show_desktop&quot;:&quot;&quot;,&quot;nav_always_show_mobile&quot;:&quot;&quot;,&quot;breakpoint&quot;:&quot;780px&quot;,&quot;unmute&quot;:false,&quot;anchor&quot;:null}\"\n\t\t\t\t\t\t\t\t\t\tdata-anchor-id=\"\"\n\t\t\t\t>\t\t<li class=\"sow-slider-image\" style=\"visibility: visible;\" >\n\t\t\t\t\t\t<img loading=\"lazy\" decoding=\"async\" width=\"853\" height=\"480\" src=\"https:\/\/www.oms.fr\/wp-content\/uploads\/2020\/05\/PhotOms3-e1612382411716.jpg\" class=\"sow-slider-background-image\" alt=\"\" style=\"\" \/>\t\t<\/li>\n\t\t\t\t<li class=\"sow-slider-image\" style=\"visibility: hidden;\" >\n\t\t\t\t\t\t<img loading=\"lazy\" decoding=\"async\" width=\"1080\" height=\"650\" src=\"https:\/\/www.oms.fr\/wp-content\/uploads\/2020\/04\/village_Oms_4.jpg\" class=\"sow-slider-background-image\" alt=\"\" style=\"\" srcset=\"https:\/\/www.oms.fr\/wp-content\/uploads\/2020\/04\/village_Oms_4.jpg 1080w, https:\/\/www.oms.fr\/wp-content\/uploads\/2020\/04\/village_Oms_4-300x181.jpg 300w, https:\/\/www.oms.fr\/wp-content\/uploads\/2020\/04\/village_Oms_4-1024x616.jpg 1024w, https:\/\/www.oms.fr\/wp-content\/uploads\/2020\/04\/village_Oms_4-768x462.jpg 768w\" sizes=\"auto, (max-width: 1080px) 100vw, 1080px\" \/>\t\t<\/li>\n\t\t\t\t<li class=\"sow-slider-image\" style=\"visibility: hidden;\" >\n\t\t\t\t\t\t<img loading=\"lazy\" decoding=\"async\" width=\"1024\" height=\"616\" src=\"https:\/\/www.oms.fr\/wp-content\/uploads\/2020\/04\/village_Oms-1024x616-1.jpg\" class=\"sow-slider-background-image\" alt=\"\" style=\"\" srcset=\"https:\/\/www.oms.fr\/wp-content\/uploads\/2020\/04\/village_Oms-1024x616-1.jpg 1024w, https:\/\/www.oms.fr\/wp-content\/uploads\/2020\/04\/village_Oms-1024x616-1-300x180.jpg 300w, https:\/\/www.oms.fr\/wp-content\/uploads\/2020\/04\/village_Oms-1024x616-1-768x462.jpg 768w\" sizes=\"auto, (max-width: 1024px) 100vw, 1024px\" \/>\t\t<\/li>\n\t\t\t\t<li class=\"sow-slider-image\" style=\"visibility: hidden;\" >\n\t\t\t\t\t\t<img loading=\"lazy\" decoding=\"async\" width=\"641\" height=\"363\" src=\"https:\/\/www.oms.fr\/wp-content\/uploads\/2020\/04\/DSCN0137.jpg\" class=\"sow-slider-background-image\" alt=\"\" style=\"\" srcset=\"https:\/\/www.oms.fr\/wp-content\/uploads\/2020\/04\/DSCN0137.jpg 641w, https:\/\/www.oms.fr\/wp-content\/uploads\/2020\/04\/DSCN0137-300x170.jpg 300w\" sizes=\"auto, (max-width: 641px) 100vw, 641px\" \/>\t\t<\/li>\n\t\t\t\t<li class=\"sow-slider-image\" style=\"visibility: hidden;\" >\n\t\t\t\t\t\t<img loading=\"lazy\" decoding=\"async\" width=\"798\" height=\"480\" src=\"https:\/\/www.oms.fr\/wp-content\/uploads\/2020\/04\/village_Oms_2-e1612382632599.jpg\" class=\"sow-slider-background-image\" alt=\"\" style=\"\" \/>\t\t<\/li>\n\t\t\t\t<li class=\"sow-slider-image\" style=\"visibility: hidden;\" >\n\t\t\t\t\t\t<img loading=\"lazy\" decoding=\"async\" width=\"1024\" height=\"616\" src=\"https:\/\/www.oms.fr\/wp-content\/uploads\/2020\/04\/village_Oms_1-1024x616-1.jpg\" class=\"sow-slider-background-image\" alt=\"\" style=\"\" srcset=\"https:\/\/www.oms.fr\/wp-content\/uploads\/2020\/04\/village_Oms_1-1024x616-1.jpg 1024w, https:\/\/www.oms.fr\/wp-content\/uploads\/2020\/04\/village_Oms_1-1024x616-1-300x180.jpg 300w, https:\/\/www.oms.fr\/wp-content\/uploads\/2020\/04\/village_Oms_1-1024x616-1-768x462.jpg 768w\" sizes=\"auto, (max-width: 1024px) 100vw, 1024px\" \/>\t\t<\/li>\n\t\t\t\t<li class=\"sow-slider-image\" style=\"visibility: hidden;\" >\n\t\t\t\t\t\t<img loading=\"lazy\" decoding=\"async\" width=\"2298\" height=\"1085\" src=\"https:\/\/www.oms.fr\/wp-content\/uploads\/2020\/05\/2020-05-29-09.41.08.jpg\" class=\"sow-slider-background-image\" alt=\"\" style=\"\" srcset=\"https:\/\/www.oms.fr\/wp-content\/uploads\/2020\/05\/2020-05-29-09.41.08.jpg 2298w, https:\/\/www.oms.fr\/wp-content\/uploads\/2020\/05\/2020-05-29-09.41.08-300x142.jpg 300w, https:\/\/www.oms.fr\/wp-content\/uploads\/2020\/05\/2020-05-29-09.41.08-1024x483.jpg 1024w, https:\/\/www.oms.fr\/wp-content\/uploads\/2020\/05\/2020-05-29-09.41.08-768x363.jpg 768w, https:\/\/www.oms.fr\/wp-content\/uploads\/2020\/05\/2020-05-29-09.41.08-1536x725.jpg 1536w, https:\/\/www.oms.fr\/wp-content\/uploads\/2020\/05\/2020-05-29-09.41.08-2048x967.jpg 2048w\" sizes=\"auto, (max-width: 2298px) 100vw, 2298px\" \/>\t\t<\/li>\n\t\t\t\t<li class=\"sow-slider-image\" style=\"visibility: hidden;\" >\n\t\t\t\t\t\t<img loading=\"lazy\" decoding=\"async\" width=\"1280\" height=\"680\" src=\"https:\/\/www.oms.fr\/wp-content\/uploads\/2020\/04\/oms_le_soir.jpg\" class=\"sow-slider-background-image\" alt=\"\" style=\"\" srcset=\"https:\/\/www.oms.fr\/wp-content\/uploads\/2020\/04\/oms_le_soir.jpg 1280w, https:\/\/www.oms.fr\/wp-content\/uploads\/2020\/04\/oms_le_soir-300x159.jpg 300w, https:\/\/www.oms.fr\/wp-content\/uploads\/2020\/04\/oms_le_soir-1024x544.jpg 1024w, https:\/\/www.oms.fr\/wp-content\/uploads\/2020\/04\/oms_le_soir-768x408.jpg 768w, https:\/\/www.oms.fr\/wp-content\/uploads\/2020\/04\/oms_le_soir-1200x638.jpg 1200w\" sizes=\"auto, (max-width: 1280px) 100vw, 1280px\" \/>\t\t<\/li>\n\t\t\t\t<li class=\"sow-slider-image\" style=\"visibility: hidden;\" >\n\t\t\t\t\t\t<img loading=\"lazy\" decoding=\"async\" width=\"620\" height=\"209\" src=\"https:\/\/www.oms.fr\/wp-content\/uploads\/2020\/04\/oms-dans-la-laby.jpg\" class=\"sow-slider-background-image\" alt=\"\" style=\"\" srcset=\"https:\/\/www.oms.fr\/wp-content\/uploads\/2020\/04\/oms-dans-la-laby.jpg 620w, https:\/\/www.oms.fr\/wp-content\/uploads\/2020\/04\/oms-dans-la-laby-300x101.jpg 300w\" sizes=\"auto, (max-width: 620px) 100vw, 620px\" \/>\t\t<\/li>\n\t\t\t\t<li class=\"sow-slider-image\" style=\"visibility: hidden;\" >\n\t\t\t\t\t\t<img loading=\"lazy\" decoding=\"async\" width=\"1000\" height=\"415\" src=\"https:\/\/www.oms.fr\/wp-content\/uploads\/2020\/06\/village-coucher.jpg\" class=\"sow-slider-background-image\" alt=\"\" style=\"\" srcset=\"https:\/\/www.oms.fr\/wp-content\/uploads\/2020\/06\/village-coucher.jpg 1000w, https:\/\/www.oms.fr\/wp-content\/uploads\/2020\/06\/village-coucher-300x125.jpg 300w, https:\/\/www.oms.fr\/wp-content\/uploads\/2020\/06\/village-coucher-768x319.jpg 768w\" sizes=\"auto, (max-width: 1000px) 100vw, 1000px\" \/>\t\t<\/li>\n\t\t\t\t<li class=\"sow-slider-image\" style=\"visibility: hidden;\" >\n\t\t\t\t\t\t<img loading=\"lazy\" decoding=\"async\" width=\"1000\" height=\"568\" src=\"https:\/\/www.oms.fr\/wp-content\/uploads\/2020\/06\/village10mer.jpg\" class=\"sow-slider-background-image\" alt=\"\" style=\"\" srcset=\"https:\/\/www.oms.fr\/wp-content\/uploads\/2020\/06\/village10mer.jpg 1000w, https:\/\/www.oms.fr\/wp-content\/uploads\/2020\/06\/village10mer-300x170.jpg 300w, https:\/\/www.oms.fr\/wp-content\/uploads\/2020\/06\/village10mer-768x436.jpg 768w\" sizes=\"auto, (max-width: 1000px) 100vw, 1000px\" \/>\t\t<\/li>\n\t\t\t\t<li class=\"sow-slider-image\" style=\"visibility: hidden;\" >\n\t\t\t\t\t\t<img loading=\"lazy\" decoding=\"async\" width=\"2048\" height=\"1151\" src=\"https:\/\/www.oms.fr\/wp-content\/uploads\/2020\/06\/coucherde-soleilcanigou.jpg\" class=\"sow-slider-background-image\" alt=\"\" style=\"\" srcset=\"https:\/\/www.oms.fr\/wp-content\/uploads\/2020\/06\/coucherde-soleilcanigou.jpg 2048w, https:\/\/www.oms.fr\/wp-content\/uploads\/2020\/06\/coucherde-soleilcanigou-300x169.jpg 300w, https:\/\/www.oms.fr\/wp-content\/uploads\/2020\/06\/coucherde-soleilcanigou-1024x576.jpg 1024w, https:\/\/www.oms.fr\/wp-content\/uploads\/2020\/06\/coucherde-soleilcanigou-768x432.jpg 768w, https:\/\/www.oms.fr\/wp-content\/uploads\/2020\/06\/coucherde-soleilcanigou-1536x863.jpg 1536w\" sizes=\"auto, (max-width: 2048px) 100vw, 2048px\" \/>\t\t<\/li>\n\t\t\t\t<li class=\"sow-slider-image\" style=\"visibility: hidden;\" >\n\t\t\t\t\t\t<img loading=\"lazy\" decoding=\"async\" width=\"2048\" height=\"1152\" src=\"https:\/\/www.oms.fr\/wp-content\/uploads\/2020\/06\/arcencanigou.jpg\" class=\"sow-slider-background-image\" alt=\"\" style=\"\" srcset=\"https:\/\/www.oms.fr\/wp-content\/uploads\/2020\/06\/arcencanigou.jpg 2048w, https:\/\/www.oms.fr\/wp-content\/uploads\/2020\/06\/arcencanigou-300x169.jpg 300w, https:\/\/www.oms.fr\/wp-content\/uploads\/2020\/06\/arcencanigou-1024x576.jpg 1024w, https:\/\/www.oms.fr\/wp-content\/uploads\/2020\/06\/arcencanigou-768x432.jpg 768w, https:\/\/www.oms.fr\/wp-content\/uploads\/2020\/06\/arcencanigou-1536x864.jpg 1536w\" sizes=\"auto, (max-width: 2048px) 100vw, 2048px\" \/>\t\t<\/li>\n\t\t\t\t<li class=\"sow-slider-image\" style=\"visibility: hidden;\" >\n\t\t\t\t\t\t<img loading=\"lazy\" decoding=\"async\" width=\"2560\" height=\"1707\" src=\"https:\/\/www.oms.fr\/wp-content\/uploads\/2020\/08\/photo-chris1-scaled.jpg\" class=\"sow-slider-background-image\" alt=\"\" style=\"\" srcset=\"https:\/\/www.oms.fr\/wp-content\/uploads\/2020\/08\/photo-chris1-scaled.jpg 2560w, https:\/\/www.oms.fr\/wp-content\/uploads\/2020\/08\/photo-chris1-300x200.jpg 300w, https:\/\/www.oms.fr\/wp-content\/uploads\/2020\/08\/photo-chris1-1024x683.jpg 1024w, https:\/\/www.oms.fr\/wp-content\/uploads\/2020\/08\/photo-chris1-768x512.jpg 768w, https:\/\/www.oms.fr\/wp-content\/uploads\/2020\/08\/photo-chris1-1536x1024.jpg 1536w, https:\/\/www.oms.fr\/wp-content\/uploads\/2020\/08\/photo-chris1-2048x1365.jpg 2048w, https:\/\/www.oms.fr\/wp-content\/uploads\/2020\/08\/photo-chris1-272x182.jpg 272w\" sizes=\"auto, (max-width: 2560px) 100vw, 2560px\" \/>\t\t<\/li>\n\t\t\t\t<li class=\"sow-slider-image\" style=\"visibility: hidden;\" >\n\t\t\t\t\t\t<img loading=\"lazy\" decoding=\"async\" width=\"2560\" height=\"1707\" src=\"https:\/\/www.oms.fr\/wp-content\/uploads\/2020\/08\/photochrisneige2-scaled.jpg\" class=\"sow-slider-background-image\" alt=\"\" style=\"\" srcset=\"https:\/\/www.oms.fr\/wp-content\/uploads\/2020\/08\/photochrisneige2-scaled.jpg 2560w, https:\/\/www.oms.fr\/wp-content\/uploads\/2020\/08\/photochrisneige2-300x200.jpg 300w, https:\/\/www.oms.fr\/wp-content\/uploads\/2020\/08\/photochrisneige2-1024x683.jpg 1024w, https:\/\/www.oms.fr\/wp-content\/uploads\/2020\/08\/photochrisneige2-768x512.jpg 768w, https:\/\/www.oms.fr\/wp-content\/uploads\/2020\/08\/photochrisneige2-1536x1024.jpg 1536w, https:\/\/www.oms.fr\/wp-content\/uploads\/2020\/08\/photochrisneige2-2048x1365.jpg 2048w, https:\/\/www.oms.fr\/wp-content\/uploads\/2020\/08\/photochrisneige2-272x182.jpg 272w\" sizes=\"auto, (max-width: 2560px) 100vw, 2560px\" \/>\t\t<\/li>\n\t\t<\/ul>\t\t\t\t<ol class=\"sow-slider-pagination\">\n\t\t\t\t\t\t\t\t\t\t\t<li><a href=\"#\" data-goto=\"0\" aria-label=\"Display slide 1\"><\/a><\/li>\n\t\t\t\t\t\t\t\t\t\t\t<li><a href=\"#\" data-goto=\"1\" aria-label=\"Display slide 2\"><\/a><\/li>\n\t\t\t\t\t\t\t\t\t\t\t<li><a href=\"#\" data-goto=\"2\" aria-label=\"Display slide 3\"><\/a><\/li>\n\t\t\t\t\t\t\t\t\t\t\t<li><a href=\"#\" data-goto=\"3\" aria-label=\"Display slide 4\"><\/a><\/li>\n\t\t\t\t\t\t\t\t\t\t\t<li><a href=\"#\" data-goto=\"4\" aria-label=\"Display slide 5\"><\/a><\/li>\n\t\t\t\t\t\t\t\t\t\t\t<li><a href=\"#\" data-goto=\"5\" aria-label=\"Display slide 6\"><\/a><\/li>\n\t\t\t\t\t\t\t\t\t\t\t<li><a href=\"#\" data-goto=\"6\" aria-label=\"Display slide 7\"><\/a><\/li>\n\t\t\t\t\t\t\t\t\t\t\t<li><a href=\"#\" data-goto=\"7\" aria-label=\"Display slide 8\"><\/a><\/li>\n\t\t\t\t\t\t\t\t\t\t\t<li><a href=\"#\" data-goto=\"8\" aria-label=\"Display slide 9\"><\/a><\/li>\n\t\t\t\t\t\t\t\t\t\t\t<li><a href=\"#\" data-goto=\"9\" aria-label=\"Display slide 10\"><\/a><\/li>\n\t\t\t\t\t\t\t\t\t\t\t<li><a href=\"#\" data-goto=\"10\" aria-label=\"Display slide 11\"><\/a><\/li>\n\t\t\t\t\t\t\t\t\t\t\t<li><a href=\"#\" data-goto=\"11\" aria-label=\"Display slide 12\"><\/a><\/li>\n\t\t\t\t\t\t\t\t\t\t\t<li><a href=\"#\" data-goto=\"12\" aria-label=\"Display slide 13\"><\/a><\/li>\n\t\t\t\t\t\t\t\t\t\t\t<li><a href=\"#\" data-goto=\"13\" aria-label=\"Display slide 14\"><\/a><\/li>\n\t\t\t\t\t\t\t\t\t\t\t<li><a href=\"#\" data-goto=\"14\" aria-label=\"Display slide 15\"><\/a><\/li>\n\t\t\t\t\t\t\t\t\t<\/ol>\n\n\t\t\t\t<div class=\"sow-slide-nav sow-slide-nav-next\">\n\t\t\t\t\t<a href=\"#\" data-goto=\"next\" aria-label=\"Next slide\" data-action=\"next\">\n\t\t\t\t\t\t<em class=\"sow-sld-icon-thin-right\"><\/em>\n\t\t\t\t\t<\/a>\n\t\t\t\t<\/div>\n\n\t\t\t\t<div class=\"sow-slide-nav sow-slide-nav-prev\">\n\t\t\t\t\t<a href=\"#\" data-goto=\"previous\" aria-label=\"Previous slide\" data-action=\"prev\">\n\t\t\t\t\t\t<em class=\"sow-sld-icon-thin-left\"><\/em>\n\t\t\t\t\t<\/a>\n\t\t\t\t<\/div>\n\t\t\t\t<\/div><\/div><\/div><\/div><\/div><\/div><div id=\"pg-6058-2\"  class=\"panel-grid panel-no-style\" ><div id=\"pgc-6058-2-0\"  class=\"panel-grid-cell\" ><div id=\"panel-6058-2-0-0\" class=\"so-panel widget widget_sow-editor panel-first-child panel-last-child\" data-index=\"3\" ><div\n\t\t\t\n\t\t\tclass=\"so-widget-sow-editor so-widget-sow-editor-base\"\n\t\t\t\n\t\t>\n<div class=\"siteorigin-widget-tinymce textwidget\">\n\t<hr \/>\n<p>Cliquez sur les boutons ci-dessous pour en savoir plus :<\/p>\n<\/div>\n<\/div><\/div><\/div><\/div><div id=\"pg-6058-3\"  class=\"panel-grid panel-no-style\" ><div id=\"pgc-6058-3-0\"  class=\"panel-grid-cell\" ><div id=\"panel-6058-3-0-0\" class=\"so-panel widget widget_sow-button panel-first-child panel-last-child\" data-index=\"4\" ><div\n\t\t\t\n\t\t\tclass=\"so-widget-sow-button so-widget-sow-button-atom-9d94f4d33ced-6058\"\n\t\t\t\n\t\t><div class=\"ow-button-base ow-button-align-center\"\n>\n\t\t\t<a\n\t\t\t\t\thref=\"https:\/\/oms.fr\/les-paysages\/\"\n\t\t\t\t\tclass=\"sowb-button ow-icon-placement-left ow-button-hover\" \t>\n\t\t<span>\n\t\t\t\n\t\t\tLes Paysages\t\t<\/span>\n\t\t\t<\/a>\n\t<\/div>\n<\/div><\/div><\/div><div id=\"pgc-6058-3-1\"  class=\"panel-grid-cell\" ><div id=\"panel-6058-3-1-0\" class=\"so-panel widget widget_sow-button panel-first-child panel-last-child\" data-index=\"5\" ><div\n\t\t\t\n\t\t\tclass=\"so-widget-sow-button so-widget-sow-button-atom-9d94f4d33ced-6058\"\n\t\t\t\n\t\t><div class=\"ow-button-base ow-button-align-center\"\n>\n\t\t\t<a\n\t\t\t\t\thref=\"https:\/\/oms.fr\/la-faune\/\"\n\t\t\t\t\tclass=\"sowb-button ow-icon-placement-left ow-button-hover\" \t>\n\t\t<span>\n\t\t\t\n\t\t\tLa Faune\t\t<\/span>\n\t\t\t<\/a>\n\t<\/div>\n<\/div><\/div><\/div><div id=\"pgc-6058-3-2\"  class=\"panel-grid-cell\" ><div id=\"panel-6058-3-2-0\" class=\"so-panel widget widget_sow-button panel-first-child panel-last-child\" data-index=\"6\" ><div\n\t\t\t\n\t\t\tclass=\"so-widget-sow-button so-widget-sow-button-atom-9d94f4d33ced-6058\"\n\t\t\t\n\t\t><div class=\"ow-button-base ow-button-align-center\"\n>\n\t\t\t<a\n\t\t\t\t\thref=\"https:\/\/oms.fr\/la-flore\/\"\n\t\t\t\t\tclass=\"sowb-button ow-icon-placement-left ow-button-hover\" \t>\n\t\t<span>\n\t\t\t\n\t\t\tLa flore\t\t<\/span>\n\t\t\t<\/a>\n\t<\/div>\n<\/div><\/div><\/div><\/div><\/div>","protected":false},"excerpt":{"rendered":"<p>En Catalan, le mot \u00ab aspres \u00bb signifie \u00ab aride \u00bb. Effectivement, l\u2019aridit\u00e9 est une caract\u00e9ristique principale du paysage, de la flore et de la faune locaux. Perpignan a des pr\u00e9cipitations moyennes de seulement 558 mm par an, une des [&hellip;]<\/p>\n","protected":false},"author":1,"featured_media":0,"parent":0,"menu_order":0,"comment_status":"closed","ping_status":"closed","template":"","meta":{"_acf_changed":false,"footnotes":""},"class_list":["post-6058","page","type-page","status-publish","hentry"],"acf":[],"_links":{"self":[{"href":"https:\/\/www.oms.fr\/en\/wp-json\/wp\/v2\/pages\/6058","targetHints":{"allow":["GET"]}}],"collection":[{"href":"https:\/\/www.oms.fr\/en\/wp-json\/wp\/v2\/pages"}],"about":[{"href":"https:\/\/www.oms.fr\/en\/wp-json\/wp\/v2\/types\/page"}],"author":[{"embeddable":true,"href":"https:\/\/www.oms.fr\/en\/wp-json\/wp\/v2\/users\/1"}],"replies":[{"embeddable":true,"href":"https:\/\/www.oms.fr\/en\/wp-json\/wp\/v2\/comments?post=6058"}],"version-history":[{"count":0,"href":"https:\/\/www.oms.fr\/en\/wp-json\/wp\/v2\/pages\/6058\/revisions"}],"wp:attachment":[{"href":"https:\/\/www.oms.fr\/en\/wp-json\/wp\/v2\/media?parent=6058"}],"curies":[{"name":"wp","href":"https:\/\/api.w.org\/{rel}","templated":true}]}}