{"id":6066,"date":"2021-02-24T17:55:39","date_gmt":"2021-02-24T16:55:39","guid":{"rendered":"https:\/\/oms.fr\/?page_id=6066"},"modified":"2021-03-02T21:41:34","modified_gmt":"2021-03-02T20:41:34","slug":"autour-doms","status":"publish","type":"page","link":"https:\/\/www.oms.fr\/en\/autour-doms\/","title":{"rendered":"Autour d&rsquo;Oms"},"content":{"rendered":"<div id=\"pl-6066\"  class=\"panel-layout\" ><div id=\"pg-6066-0\"  class=\"panel-grid panel-no-style\" ><div id=\"pgc-6066-0-0\"  class=\"panel-grid-cell\" ><div id=\"panel-6066-0-0-0\" class=\"so-panel widget widget_sow-editor panel-first-child panel-last-child\" data-index=\"0\" ><div\n\t\t\t\n\t\t\tclass=\"so-widget-sow-editor so-widget-sow-editor-base\"\n\t\t\t\n\t\t>\n<div class=\"siteorigin-widget-tinymce textwidget\">\n\t<p>Si vous avez un peu plus de temps pour d\u00e9couvrir cette r\u00e9gion, il y a d\u2019autres choses \u00e0 faire dans les environs. Quel que soit votre go\u00fbt, il y a quelque chose pour vous - soit faire une randonn\u00e9e, soit visiter les sites historiques, soit visiter les artisans, soit voir les villages aux alentours.<\/p>\n<hr>\n<p>Cliquez sur les boutons ci-dessous pour en savoir plus :<\/p>\n<\/div>\n<\/div><\/div><\/div><\/div><div id=\"pg-6066-1\"  class=\"panel-grid panel-no-style\" ><div id=\"pgc-6066-1-0\"  class=\"panel-grid-cell\" ><div id=\"panel-6066-1-0-0\" class=\"so-panel widget widget_sow-button panel-first-child panel-last-child\" data-index=\"1\" ><div\n\t\t\t\n\t\t\tclass=\"so-widget-sow-button so-widget-sow-button-atom-df4c841e05d3-6066\"\n\t\t\t\n\t\t><div class=\"ow-button-base ow-button-align-center\"\n>\n\t\t\t<a\n\t\t\t\t\thref=\"https:\/\/www.oms.fr\/en\/sports-activites\/\"\n\t\t\t\t\tclass=\"sowb-button ow-icon-placement-bottom ow-button-hover\" \t>\n\t\t<span>\n\t\t\t\n\t\t\tSports, Activit\u00e9s\t\t<\/span>\n\t\t\t<\/a>\n\t<\/div>\n<\/div><\/div><\/div><div id=\"pgc-6066-1-1\"  class=\"panel-grid-cell\" ><div id=\"panel-6066-1-1-0\" class=\"so-panel widget widget_sow-button panel-first-child panel-last-child\" data-index=\"2\" ><div\n\t\t\t\n\t\t\tclass=\"so-widget-sow-button so-widget-sow-button-atom-e1706a1a4dd0-6066\"\n\t\t\t\n\t\t><div class=\"ow-button-base ow-button-align-center\"\n>\n\t\t\t<a\n\t\t\t\t\thref=\"https:\/\/www.oms.fr\/en\/les-sorties\/\"\n\t\t\t\t\tclass=\"sowb-button ow-icon-placement-bottom ow-button-hover\" \t>\n\t\t<span>\n\t\t\t\n\t\t\tSorties\t\t<\/span>\n\t\t\t<\/a>\n\t<\/div>\n<\/div><\/div><\/div><div id=\"pgc-6066-1-2\"  class=\"panel-grid-cell\" ><div id=\"panel-6066-1-2-0\" class=\"so-panel widget widget_sow-button panel-first-child panel-last-child\" data-index=\"3\" ><div\n\t\t\t\n\t\t\tclass=\"so-widget-sow-button so-widget-sow-button-atom-5402e9ce7cec-6066\"\n\t\t\t\n\t\t><div class=\"ow-button-base ow-button-align-center\"\n>\n\t\t\t<a\n\t\t\t\t\thref=\"https:\/\/www.oms.fr\/en\/culture-heritage\/\"\n\t\t\t\t\tclass=\"sowb-button ow-icon-placement-bottom ow-button-hover\" \t>\n\t\t<span>\n\t\t\t\n\t\t\tCulture, H\u00e9ritage\t\t<\/span>\n\t\t\t<\/a>\n\t<\/div>\n<\/div><\/div><\/div><div id=\"pgc-6066-1-3\"  class=\"panel-grid-cell\" ><div id=\"panel-6066-1-3-0\" class=\"so-panel widget widget_sow-button panel-first-child panel-last-child\" data-index=\"4\" ><div\n\t\t\t\n\t\t\tclass=\"so-widget-sow-button so-widget-sow-button-atom-d19eb52b770b-6066\"\n\t\t\t\n\t\t><div class=\"ow-button-base ow-button-align-center\"\n>\n\t\t\t<a\n\t\t\t\t\thref=\"https:\/\/www.oms.fr\/en\/les-artisans\/\"\n\t\t\t\t\tclass=\"sowb-button ow-icon-placement-bottom ow-button-hover\" \t>\n\t\t<span>\n\t\t\t\n\t\t\tArtisans\t\t<\/span>\n\t\t\t<\/a>\n\t<\/div>\n<\/div><\/div><\/div><div id=\"pgc-6066-1-4\"  class=\"panel-grid-cell\" ><div id=\"panel-6066-1-4-0\" class=\"so-panel widget widget_sow-button panel-first-child panel-last-child\" data-index=\"5\" ><div\n\t\t\t\n\t\t\tclass=\"so-widget-sow-button so-widget-sow-button-atom-87dceb82b92c-6066\"\n\t\t\t\n\t\t><div class=\"ow-button-base ow-button-align-center\"\n>\n\t\t\t<a\n\t\t\t\t\thref=\"https:\/\/www.oms.fr\/en\/les-villages\/\"\n\t\t\t\t\tclass=\"sowb-button ow-icon-placement-left ow-button-hover\" \t>\n\t\t<span>\n\t\t\t\n\t\t\tVillages\t\t<\/span>\n\t\t\t<\/a>\n\t<\/div>\n<\/div><\/div><\/div><\/div><div id=\"pg-6066-2\"  class=\"panel-grid panel-no-style\" ><div id=\"pgc-6066-2-0\"  class=\"panel-grid-cell\" ><div id=\"panel-6066-2-0-0\" class=\"so-panel widget widget_sow-editor panel-first-child panel-last-child\" data-index=\"6\" ><div\n\t\t\t\n\t\t\tclass=\"so-widget-sow-editor so-widget-sow-editor-base\"\n\t\t\t\n\t\t>\n<div class=\"siteorigin-widget-tinymce textwidget\">\n\t<p>&nbsp;<\/p>\n<p>&nbsp;<\/p>\n<\/div>\n<\/div><\/div><\/div><\/div><\/div>","protected":false},"excerpt":{"rendered":"<p>Si vous avez un peu plus de temps pour d\u00e9couvrir cette r\u00e9gion, il y a d\u2019autres choses \u00e0 faire dans les environs. Quel que soit votre go\u00fbt, il y a quelque chose pour vous &#8211; soit faire une randonn\u00e9e, soit [&hellip;]<\/p>\n","protected":false},"author":1,"featured_media":0,"parent":0,"menu_order":0,"comment_status":"closed","ping_status":"closed","template":"","meta":{"_acf_changed":false,"footnotes":""},"class_list":["post-6066","page","type-page","status-publish","hentry"],"acf":[],"_links":{"self":[{"href":"https:\/\/www.oms.fr\/en\/wp-json\/wp\/v2\/pages\/6066","targetHints":{"allow":["GET"]}}],"collection":[{"href":"https:\/\/www.oms.fr\/en\/wp-json\/wp\/v2\/pages"}],"about":[{"href":"https:\/\/www.oms.fr\/en\/wp-json\/wp\/v2\/types\/page"}],"author":[{"embeddable":true,"href":"https:\/\/www.oms.fr\/en\/wp-json\/wp\/v2\/users\/1"}],"replies":[{"embeddable":true,"href":"https:\/\/www.oms.fr\/en\/wp-json\/wp\/v2\/comments?post=6066"}],"version-history":[{"count":0,"href":"https:\/\/www.oms.fr\/en\/wp-json\/wp\/v2\/pages\/6066\/revisions"}],"wp:attachment":[{"href":"https:\/\/www.oms.fr\/en\/wp-json\/wp\/v2\/media?parent=6066"}],"curies":[{"name":"wp","href":"https:\/\/api.w.org\/{rel}","templated":true}]}}