{"id":6854,"date":"2021-02-24T17:59:10","date_gmt":"2021-02-24T16:59:10","guid":{"rendered":"https:\/\/oms.fr\/?page_id=6854"},"modified":"2023-09-29T09:32:30","modified_gmt":"2023-09-29T07:32:30","slug":"culture-heritage","status":"publish","type":"page","link":"https:\/\/www.oms.fr\/en\/culture-heritage\/","title":{"rendered":"Culture &#038; H\u00e9ritage"},"content":{"rendered":"<div id=\"pl-6854\"  class=\"panel-layout\" ><div id=\"pg-6854-0\"  class=\"panel-grid panel-no-style\" ><div id=\"pgc-6854-0-0\"  class=\"panel-grid-cell\" ><div id=\"panel-6854-0-0-0\" class=\"so-panel widget widget_sow-editor panel-first-child\" data-index=\"0\" ><div class=\"panel-widget-style panel-widget-style-for-6854-0-0-0\" ><div\n\t\t\t\n\t\t\tclass=\"so-widget-sow-editor so-widget-sow-editor-base\"\n\t\t\t\n\t\t><h3 class=\"widget-title\">Les Fours \u00e0 Chaux<\/h3>\n<div class=\"siteorigin-widget-tinymce textwidget\">\n\t<p>&nbsp;<\/p>\n<pre style=\"text-align: center;\"><span class=\"so-premium-web-font\" style=\"color: #800080; font-family: Arial, sans-serif;\" data-web-font-module=\"web_safe\" data-font-info=\"{&quot;font&quot;:&quot;Arial&quot;,&quot;webfont&quot;:false,&quot;category&quot;:&quot;sans-serif&quot;,&quot;variant&quot;:null,&quot;module&quot;:&quot;web_safe&quot;}\"><b style=\"color: #800080; font-family: Arial, sans-serif;\">Pour la transformation de calcaire en chaux\n<\/b><b style=\"color: #800080; font-family: Arial, sans-serif;\">Normalement situ\u00e9 proche du site d'extraction\n<img loading=\"lazy\" decoding=\"async\" class=\"alignnone size-medium wp-image-7267\" src=\"https:\/\/oms.fr\/wp-content\/uploads\/2021\/02\/Four-a-chaux-Oms-72dpi-text-300x300.jpg\" alt=\"\" width=\"300\" height=\"300\" srcset=\"https:\/\/www.oms.fr\/wp-content\/uploads\/2021\/02\/Four-a-chaux-Oms-72dpi-text-300x300.jpg 300w, https:\/\/www.oms.fr\/wp-content\/uploads\/2021\/02\/Four-a-chaux-Oms-72dpi-text-150x150.jpg 150w, https:\/\/www.oms.fr\/wp-content\/uploads\/2021\/02\/Four-a-chaux-Oms-72dpi-text-55x55.jpg 55w, https:\/\/www.oms.fr\/wp-content\/uploads\/2021\/02\/Four-a-chaux-Oms-72dpi-text.jpg 516w\" sizes=\"auto, (max-width: 300px) 100vw, 300px\" \/>\n<img loading=\"lazy\" decoding=\"async\" class=\"alignnone size-medium wp-image-7268\" src=\"https:\/\/oms.fr\/wp-content\/uploads\/2021\/02\/Baillestavy-four-a-chaux-72dpi-adds-300x225.jpg\" alt=\"\" width=\"300\" height=\"225\" srcset=\"https:\/\/www.oms.fr\/wp-content\/uploads\/2021\/02\/Baillestavy-four-a-chaux-72dpi-adds-300x225.jpg 300w, https:\/\/www.oms.fr\/wp-content\/uploads\/2021\/02\/Baillestavy-four-a-chaux-72dpi-adds.jpg 688w\" sizes=\"auto, (max-width: 300px) 100vw, 300px\" \/>\n<\/b><\/span><span class=\"so-premium-web-font\" style=\"font-family: Arial, sans-serif;\" data-web-font-module=\"web_safe\" data-font-info=\"{&quot;font&quot;:&quot;Arial&quot;,&quot;webfont&quot;:false,&quot;category&quot;:&quot;sans-serif&quot;,&quot;variant&quot;:null,&quot;module&quot;:&quot;web_safe&quot;}\"><span style=\"font-family: Arial, sans-serif;\"><span style=\"text-decoration: underline;\"><strong>Oms:<\/strong><\/span> sur la route DFCI A9 d'Oms\n<span style=\"color: #000000;\"><span style=\"text-decoration: underline;\"><strong>Baillestavy<\/strong><\/span>: sur la route de Valmanya\n<\/span><strong><span style=\"text-decoration: underline;\">Montesquieu-des-Alb\u00e8res<\/span><\/strong>: 2 fours \u00e0 chaux:\n- au Correc de la Vallauria\n- vers le sentier botanique<\/span><\/span><\/pre>\n<\/div>\n<\/div><\/div><\/div><div id=\"panel-6854-0-0-1\" class=\"so-panel widget widget_sow-editor\" data-index=\"1\" ><div class=\"panel-widget-style panel-widget-style-for-6854-0-0-1\" ><div\n\t\t\t\n\t\t\tclass=\"so-widget-sow-editor so-widget-sow-editor-base\"\n\t\t\t\n\t\t><h3 class=\"widget-title\">Les Chateaux<\/h3>\n<div class=\"siteorigin-widget-tinymce textwidget\">\n\t<pre style=\"text-align: center;\"><span class=\"so-premium-web-font\" style=\"color: #800080; font-family: Arial, sans-serif;\" data-web-font-module=\"web_safe\" data-font-info=\"{&quot;font&quot;:&quot;Arial&quot;,&quot;webfont&quot;:false,&quot;category&quot;:&quot;sans-serif&quot;,&quot;variant&quot;:null,&quot;module&quot;:&quot;web_safe&quot;}\"><b style=\"color: #800080; font-family: Arial, sans-serif;\">Les Ch\u00e2teaux proches d'Oms\n<\/b><b style=\"color: #800080; font-family: Arial, sans-serif;\">\n<img loading=\"lazy\" decoding=\"async\" class=\"alignnone size-medium wp-image-7277\" src=\"https:\/\/oms.fr\/wp-content\/uploads\/2021\/02\/Chateau-Montoriol-dAmunt-72dpi-credit-225x300.jpg\" alt=\"\" width=\"225\" height=\"300\" srcset=\"https:\/\/www.oms.fr\/wp-content\/uploads\/2021\/02\/Chateau-Montoriol-dAmunt-72dpi-credit-225x300.jpg 225w, https:\/\/www.oms.fr\/wp-content\/uploads\/2021\/02\/Chateau-Montoriol-dAmunt-72dpi-credit.jpg 387w\" sizes=\"auto, (max-width: 225px) 100vw, 225px\" \/>\n<\/b><\/span><span class=\"so-premium-web-font\" style=\"font-family: Arial, sans-serif;\" data-web-font-module=\"web_safe\" data-font-info=\"{&quot;font&quot;:&quot;Arial&quot;,&quot;webfont&quot;:false,&quot;category&quot;:&quot;sans-serif&quot;,&quot;variant&quot;:null,&quot;module&quot;:&quot;web_safe&quot;}\"><a href=\"https:\/\/ca.wikipedia.org\/wiki\/Castell_de_Montoriol_d%27Amunt\" target=\"_blank\" rel=\"noopener noreferrer\"><span style=\"text-decoration: underline;\"><strong><span style=\"color: #0000ff; text-decoration: underline;\">Ch\u00e2teau de Montoriol d'Amunt<\/span><\/strong><\/span><\/a>: entre Oms et Montauriol, ruin\u00e9\n<span style=\"text-decoration: underline;\"><strong>Ch\u00e2teau et village de <span style=\"color: #0000ff;\"><a style=\"color: #0000ff; text-decoration: underline;\" href=\"https:\/\/musee-chateau.fr\/chateau-castelnou\/\" target=\"_blank\" rel=\"noopener noreferrer\">Castelnou<\/a><\/span><\/strong><\/span>: ch\u00e2teau catalan du Moyen Age,\navec son village ancien, 24 km d'Oms\n<\/span><span class=\"so-premium-web-font\" style=\"font-family: Arial, sans-serif;\" data-web-font-module=\"web_safe\" data-font-info=\"{&quot;font&quot;:&quot;Arial&quot;,&quot;webfont&quot;:false,&quot;category&quot;:&quot;sans-serif&quot;,&quot;variant&quot;:null,&quot;module&quot;:&quot;web_safe&quot;}\"><span style=\"text-decoration: underline;\"><strong><span style=\"color: #0000ff;\"><a style=\"color: #0000ff; text-decoration: underline;\" href=\"https:\/\/www.perpignantourisme.com\/decouvrir\/voir-faire\/monuments\/palais-rois-majorque\" target=\"_blank\" rel=\"noopener noreferrer\">Palais Majeur<\/a><\/span>, Perpignan<\/strong><\/span>: le palais des rois de Majorque,\nMoyen Age, 31.5 km d'Oms<span style=\"color: #0000ff;\"><a style=\"color: #0000ff;\" href=\"http:\/\/chateauruine.fr\/pyrenees-orientales-chateau-de-belpuig.html\" target=\"_blank\" rel=\"noopener noreferrer\"><span style=\"text-decoration: underline;\"><strong>\nCh\u00e2teau de Belpuig<\/strong><\/span><\/a><\/span>: un ch\u00e2teau ruin\u00e9 du XIII\u00e8me si\u00e8cle,\nsitu\u00e9 1 km au sud du village, 11 km d'Oms\n<strong><a href=\"https:\/\/www.les-pyrenees-orientales.com\/Patrimoine\/ChateauDAubiry.php\" target=\"_blank\" rel=\"noopener\"><span style=\"color: #0000ff;\"><span style=\"text-decoration: underline;\">Ch\u00e2teau d'Aubiry<\/span><\/span><\/a>:<\/strong> un des 3 ch\u00e2teaux de la famille Job,\nsitu\u00e9 \u00e0 l'est de C\u00e9ret, 15.5 km d'Oms<span style=\"color: #0000ff;\"><a style=\"color: #0000ff;\" href=\"https:\/\/www.les-pyrenees-orientales.com\/Patrimoine\/ChateauDeTautavel.php\" target=\"_blank\" rel=\"noopener noreferrer\"><span style=\"text-decoration: underline;\"><strong>\nChateau de Tautavel<\/strong><\/span><\/a><\/span>: un ch\u00e2teau ruin\u00e9 du XI\u00e8me si\u00e8cle,\nsitu\u00e9 en haut de Tautavel, 50 km<\/span><\/pre>\n<\/div>\n<\/div><\/div><\/div><div id=\"panel-6854-0-0-2\" class=\"so-panel widget widget_sow-editor panel-last-child\" data-index=\"2\" ><div class=\"panel-widget-style panel-widget-style-for-6854-0-0-2\" ><div\n\t\t\t\n\t\t\tclass=\"so-widget-sow-editor so-widget-sow-editor-base\"\n\t\t\t\n\t\t><h3 class=\"widget-title\">Les B\u00e2timents Religieux<\/h3>\n<div class=\"siteorigin-widget-tinymce textwidget\">\n\t<pre style=\"text-align: center;\"><span class=\"so-premium-web-font\" style=\"color: #800080; font-family: Arial, sans-serif;\" data-web-font-module=\"web_safe\" data-font-info=\"{&quot;font&quot;:&quot;Arial&quot;,&quot;webfont&quot;:false,&quot;category&quot;:&quot;sans-serif&quot;,&quot;variant&quot;:null,&quot;module&quot;:&quot;web_safe&quot;}\"><b style=\"color: #800080; font-family: Arial, sans-serif;\">Les Batiments Religieux proche d'Oms\n<\/b><b style=\"color: #800080; font-family: Arial, sans-serif;\">\n<img loading=\"lazy\" decoding=\"async\" class=\"alignnone size-medium wp-image-7286\" src=\"https:\/\/oms.fr\/wp-content\/uploads\/2021\/02\/Eglise-ND-del-Roure-Taillet-72dpi-credit-1-295x300.jpg\" alt=\"\" width=\"295\" height=\"300\" srcset=\"https:\/\/www.oms.fr\/wp-content\/uploads\/2021\/02\/Eglise-ND-del-Roure-Taillet-72dpi-credit-1-295x300.jpg 295w, https:\/\/www.oms.fr\/wp-content\/uploads\/2021\/02\/Eglise-ND-del-Roure-Taillet-72dpi-credit-1-55x55.jpg 55w, https:\/\/www.oms.fr\/wp-content\/uploads\/2021\/02\/Eglise-ND-del-Roure-Taillet-72dpi-credit-1.jpg 507w\" sizes=\"auto, (max-width: 295px) 100vw, 295px\" \/>\n<\/b><\/span><span class=\"so-premium-web-font\" style=\"font-family: Arial, sans-serif;\" data-web-font-module=\"web_safe\" data-font-info=\"{&quot;font&quot;:&quot;Arial&quot;,&quot;webfont&quot;:false,&quot;category&quot;:&quot;sans-serif&quot;,&quot;variant&quot;:null,&quot;module&quot;:&quot;web_safe&quot;}\"><span style=\"color: #0000ff;\"><a style=\"color: #0000ff;\" href=\"http:\/\/www.vallespir-tourisme.fr\/chapelle-notre-dame-del-roure\/\" target=\"_blank\" rel=\"noopener noreferrer\"><span style=\"text-decoration: underline;\"><strong>Notre Dame del Roure<\/strong><\/span><\/a><\/span>: un petit hameau au sud-est de Taillet, 9 km d'Oms<span style=\"text-decoration: underline;\"><strong>\n<span style=\"color: #0000ff; text-decoration: underline;\"><a style=\"color: #0000ff; text-decoration: underline;\" href=\"https:\/\/fr.wikipedia.org\/wiki\/Ermitage_Saint-Ferr%C3%A9ol_de_C%C3%A9ret\" target=\"_blank\" rel=\"noopener noreferrer\">L'Ermitage de St Ferreol<\/a><\/span><\/strong><\/span>: au nord de C\u00e9ret, 8.5 km d'Oms\n<\/span><span class=\"so-premium-web-font\" style=\"font-family: Arial, sans-serif;\" data-web-font-module=\"web_safe\" data-font-info=\"{&quot;font&quot;:&quot;Arial&quot;,&quot;webfont&quot;:false,&quot;category&quot;:&quot;sans-serif&quot;,&quot;variant&quot;:null,&quot;module&quot;:&quot;web_safe&quot;}\"><span style=\"text-decoration: underline;\"><strong><a href=\"https:\/\/www.les-pyrenees-orientales.com\/Patrimoine\/ErmitageNotreDameDelColl.php\" target=\"_blank\" rel=\"noopener noreferrer\"><span style=\"color: #0000ff;\">Nostra Senyora del Coll<\/span><\/a>:<\/strong><\/span> au nord de Calmeilles, 12 km d'Oms<\/span>\n<span class=\"so-premium-web-font\" style=\"font-family: Arial, sans-serif;\" data-web-font-module=\"web_safe\" data-font-info=\"{&quot;font&quot;:&quot;Arial&quot;,&quot;webfont&quot;:false,&quot;category&quot;:&quot;sans-serif&quot;,&quot;variant&quot;:null,&quot;module&quot;:&quot;web_safe&quot;}\"><span style=\"text-decoration: underline;\"><strong><a href=\"https:\/\/www.tourisme-occitanie.com\/chapelle-de-la-trinite\/prunet-et-belpuig\" target=\"_blank\" rel=\"noopener noreferrer\"><span style=\"color: #0000ff; text-decoration: underline;\">Chapelle de la Trinit\u00e9<\/span><\/a>:<\/strong><\/span> au sud de Prunet-et-Belpuig, 10.5 km d'Oms<span style=\"text-decoration: underline;\">\n<span style=\"color: #0000ff;\"><strong><a style=\"color: #0000ff; text-decoration: underline;\" href=\"https:\/\/fr.wikipedia.org\/wiki\/%C3%89glise_Saint-Saturnin_de_Montauriol\">\u00c9glise Saint-Saturnin de Montauriol<\/a><\/strong><\/span><\/span>: au sud de Montauriol, 7 km d'Oms<\/span><\/pre>\n<\/div>\n<\/div><\/div><\/div><\/div><div id=\"pgc-6854-0-1\"  class=\"panel-grid-cell\" ><div id=\"panel-6854-0-1-0\" class=\"so-panel widget widget_sow-editor panel-first-child\" data-index=\"3\" ><div class=\"panel-widget-style panel-widget-style-for-6854-0-1-0\" ><div\n\t\t\t\n\t\t\tclass=\"so-widget-sow-editor so-widget-sow-editor-base\"\n\t\t\t\n\t\t><h3 class=\"widget-title\">Les M\u00e9galithes<\/h3>\n<div class=\"siteorigin-widget-tinymce textwidget\">\n\t<p>&nbsp;<\/p>\n<pre style=\"text-align: center;\"><span class=\"so-premium-web-font\" style=\"color: #800080; font-family: Arial, sans-serif;\" data-web-font-module=\"web_safe\" data-font-info=\"{&quot;font&quot;:&quot;Arial&quot;,&quot;webfont&quot;:false,&quot;category&quot;:&quot;sans-serif&quot;,&quot;variant&quot;:null,&quot;module&quot;:&quot;web_safe&quot;}\"><b style=\"color: #800080; font-family: Arial, sans-serif;\">Les m\u00e9galithes sont un peu partout\n<\/b><b style=\"color: #800080; font-family: Arial, sans-serif;\">ici dans les Pyr\u00e9n\u00e9es-Orientales\ny compris un dolmen \u00e0 Oms !!\n<img loading=\"lazy\" decoding=\"async\" class=\"alignnone size-medium wp-image-3793\" src=\"https:\/\/oms.fr\/wp-content\/uploads\/2020\/06\/Oms-Menhir-du-Roc-del-Ram-225x300.jpg\" alt=\"\" width=\"225\" height=\"300\" srcset=\"https:\/\/www.oms.fr\/wp-content\/uploads\/2020\/06\/Oms-Menhir-du-Roc-del-Ram-225x300.jpg 225w, https:\/\/www.oms.fr\/wp-content\/uploads\/2020\/06\/Oms-Menhir-du-Roc-del-Ram.jpg 450w\" sizes=\"auto, (max-width: 225px) 100vw, 225px\" \/>\n<\/b><\/span><span class=\"so-premium-web-font\" style=\"font-family: Arial, sans-serif;\" data-web-font-module=\"web_safe\" data-font-info=\"{&quot;font&quot;:&quot;Arial&quot;,&quot;webfont&quot;:false,&quot;category&quot;:&quot;sans-serif&quot;,&quot;variant&quot;:null,&quot;module&quot;:&quot;web_safe&quot;}\"><span style=\"font-family: Arial, sans-serif;\">Toutes les m\u00e9galithes sont disponibles <span style=\"color: #0000ff;\"><strong><a style=\"color: #0000ff;\" href=\"https:\/\/www.les-pyrenees-orientales.com\/Patrimoine\/Megalithes.php\" target=\"_blank\" rel=\"noopener noreferrer\">ici<\/a>\n<\/strong><\/span>\nLes m\u00e9galithes les plus proches d'Oms sont:\n<\/span><\/span><span class=\"so-premium-web-font\" style=\"font-family: Arial, sans-serif;\" data-web-font-module=\"web_safe\" data-font-info=\"{&quot;font&quot;:&quot;Arial&quot;,&quot;webfont&quot;:false,&quot;category&quot;:&quot;sans-serif&quot;,&quot;variant&quot;:null,&quot;module&quot;:&quot;web_safe&quot;}\"><span style=\"text-decoration: underline;\"><strong>Menhir du Roc del Ram<\/strong><\/span>: A Oms<\/span>\n<span class=\"so-premium-web-font\" style=\"font-family: Arial, sans-serif;\" data-web-font-module=\"web_safe\" data-font-info=\"{&quot;font&quot;:&quot;Arial&quot;,&quot;webfont&quot;:false,&quot;category&quot;:&quot;sans-serif&quot;,&quot;variant&quot;:null,&quot;module&quot;:&quot;web_safe&quot;}\"><span style=\"text-decoration: underline;\"><strong>Dolmen du Serrat de las Fonts:<\/strong><\/span> A <strong><span style=\"text-decoration: underline; color: #0000ff;\"><a style=\"color: #0000ff; text-decoration: underline;\" href=\"https:\/\/mairie-saintmarsal.fr\/fr\/rb\/593959\/le-dolmen-du-serrat-de-las-fonts\" target=\"_blank\" rel=\"noopener noreferrer\">St Marsal<\/a><\/span><\/strong>, 14.5 km d'Oms\n<span style=\"text-decoration: underline;\"><strong>Dolmen de la Cabane del Moro:<\/strong><\/span> A <span style=\"text-decoration: underline; color: #0000ff;\"><a style=\"color: #0000ff; text-decoration: underline;\" href=\"https:\/\/www.llauro.fr\/histoire-patrimoine\/fontaines-dolmens\/\" target=\"_blank\" rel=\"noopener noreferrer\"><strong>Llauro<\/strong><\/a><\/span>, 6 km d'Oms\n<span style=\"text-decoration: underline;\"><strong>Dolmen II (Dolmen de Galuert):<\/strong><\/span> A <span style=\"color: #0000ff;\"><strong><span style=\"text-decoration: underline;\"><a style=\"color: #0000ff; text-decoration: underline;\" href=\"https:\/\/www.les-pyrenees-orientales.com\/Tourisme\/Villages\/Visite_Llauro.php\" target=\"_blank\" rel=\"noopener noreferrer\">Llauro<\/a><\/span><\/strong><\/span>, 6 km d'Oms<\/span><\/pre>\n<\/div>\n<\/div><\/div><\/div><div id=\"panel-6854-0-1-1\" class=\"so-panel widget widget_sow-editor\" data-index=\"4\" ><div class=\"panel-widget-style panel-widget-style-for-6854-0-1-1\" ><div\n\t\t\t\n\t\t\tclass=\"so-widget-sow-editor so-widget-sow-editor-base\"\n\t\t\t\n\t\t><h3 class=\"widget-title\">La ville de C\u00e9ret<\/h3>\n<div class=\"siteorigin-widget-tinymce textwidget\">\n\t<pre style=\"text-align: center;\"><a href=\"https:\/\/www.tourisme-pyreneesorientales.com\/ceret\" target=\"_blank\" rel=\"noopener noreferrer\"><span class=\"so-premium-web-font\" style=\"color: #0000ff; font-family: Arial, sans-serif;\" data-web-font-module=\"web_safe\" data-font-info=\"{&quot;font&quot;:&quot;Arial&quot;,&quot;webfont&quot;:false,&quot;category&quot;:&quot;sans-serif&quot;,&quot;variant&quot;:null,&quot;module&quot;:&quot;web_safe&quot;}\"><strong><span style=\"text-decoration: underline; color: #0000ff;\">Petite ville pittoresque<\/span><\/strong><\/span><\/a>\n<span class=\"so-premium-web-font\" style=\"color: #800080; font-family: Arial, sans-serif;\" data-web-font-module=\"web_safe\" data-font-info=\"{&quot;font&quot;:&quot;Arial&quot;,&quot;webfont&quot;:false,&quot;category&quot;:&quot;sans-serif&quot;,&quot;variant&quot;:null,&quot;module&quot;:&quot;web_safe&quot;}\"><b style=\"color: #800080; font-family: Arial, sans-serif;\">Les mus\u00e9es et autres d\u00e9couvertes culturelles\n13 km d'Oms<\/b><b style=\"color: #800080; font-family: Arial, sans-serif;\"><\/b><\/span><\/pre>\n<p><img loading=\"lazy\" decoding=\"async\" class=\"size-medium wp-image-7281 aligncenter\" src=\"https:\/\/oms.fr\/wp-content\/uploads\/2021\/02\/Pont-du-Diable-Ceret-72dpi-300x182.jpg\" alt=\"\" width=\"300\" height=\"182\" srcset=\"https:\/\/www.oms.fr\/wp-content\/uploads\/2021\/02\/Pont-du-Diable-Ceret-72dpi-300x182.jpg 300w, https:\/\/www.oms.fr\/wp-content\/uploads\/2021\/02\/Pont-du-Diable-Ceret-72dpi-1024x620.jpg 1024w, https:\/\/www.oms.fr\/wp-content\/uploads\/2021\/02\/Pont-du-Diable-Ceret-72dpi-768x465.jpg 768w, https:\/\/www.oms.fr\/wp-content\/uploads\/2021\/02\/Pont-du-Diable-Ceret-72dpi.jpg 1200w\" sizes=\"auto, (max-width: 300px) 100vw, 300px\" \/><\/p>\n<pre style=\"text-align: center;\"><span style=\"text-decoration: underline; color: #0000ff;\">\n<span class=\"so-premium-web-font\" style=\"font-family: Arial, sans-serif;\" data-web-font-module=\"web_safe\" data-font-info=\"{&quot;font&quot;:&quot;Arial&quot;,&quot;webfont&quot;:false,&quot;category&quot;:&quot;sans-serif&quot;,&quot;variant&quot;:null,&quot;module&quot;:&quot;web_safe&quot;}\"><b style=\"font-family: Arial, sans-serif;\"><a href=\"https:\/\/fr.wikipedia.org\/wiki\/Pont_du_Diable_(C%C3%A9ret)\" target=\"_blank\" rel=\"noopener noreferrer\"><span style=\"color: #0000ff; text-decoration: underline;\">Le pont du diable<\/span><\/a>:<\/b><\/span><\/span><span style=\"color: #000000;\"><span class=\"so-premium-web-font\" style=\"font-family: Arial, sans-serif;\" data-web-font-module=\"web_safe\" data-font-info=\"{&quot;font&quot;:&quot;Arial&quot;,&quot;webfont&quot;:false,&quot;category&quot;:&quot;sans-serif&quot;,&quot;variant&quot;:null,&quot;module&quot;:&quot;web_safe&quot;}\"> Place du Pont, 66400 C\u00e9ret<\/span><\/span><span style=\"text-decoration: underline; color: #0000ff;\"><span class=\"so-premium-web-font\" style=\"font-family: Arial, sans-serif;\" data-web-font-module=\"web_safe\" data-font-info=\"{&quot;font&quot;:&quot;Arial&quot;,&quot;webfont&quot;:false,&quot;category&quot;:&quot;sans-serif&quot;,&quot;variant&quot;:null,&quot;module&quot;:&quot;web_safe&quot;}\"><b style=\"font-family: Arial, sans-serif;\">\n<span style=\"color: #0000ff;\"><a style=\"color: #0000ff; text-decoration: underline;\" href=\"http:\/\/musee-ceret.com\/\" target=\"_blank\" rel=\"noopener noreferrer\">Le Mus\u00e9e d'Art Moderne<\/a><\/span><\/b><\/span><\/span><span class=\"so-premium-web-font\" style=\"font-family: Arial, sans-serif;\" data-web-font-module=\"web_safe\" data-font-info=\"{&quot;font&quot;:&quot;Arial&quot;,&quot;webfont&quot;:false,&quot;category&quot;:&quot;sans-serif&quot;,&quot;variant&quot;:null,&quot;module&quot;:&quot;web_safe&quot;}\">: 8 Bld Mar\u00e9chal Joffre, 66400 C\u00e9ret\n<\/span><span class=\"so-premium-web-font\" style=\"font-family: Arial, sans-serif;\" data-web-font-module=\"web_safe\" data-font-info=\"{&quot;font&quot;:&quot;Arial&quot;,&quot;webfont&quot;:false,&quot;category&quot;:&quot;sans-serif&quot;,&quot;variant&quot;:null,&quot;module&quot;:&quot;web_safe&quot;}\"><a href=\"https:\/\/music-ceret.com\/\" target=\"_blank\" rel=\"noopener noreferrer\"><span style=\"text-decoration: underline;\"><strong><span style=\"color: #0000ff; text-decoration: underline;\">Le Musee de la Musique<\/span><\/strong><\/span><\/a>: 14 Rue Pierre Rameil, 66400 C\u00e9ret<\/span>\n<span class=\"so-premium-web-font\" style=\"font-family: Arial, sans-serif;\" data-web-font-module=\"web_safe\" data-font-info=\"{&quot;font&quot;:&quot;Arial&quot;,&quot;webfont&quot;:false,&quot;category&quot;:&quot;sans-serif&quot;,&quot;variant&quot;:null,&quot;module&quot;:&quot;web_safe&quot;}\"><span style=\"color: #0000ff;\"><a style=\"color: #0000ff;\" href=\"https:\/\/museedupatrimoine.fr\/fontaine-des-neuf-jets-de-ceret-pyrenees-orientales\/1370.html\" target=\"_blank\" rel=\"noopener noreferrer\"><span style=\"text-decoration: underline;\"><strong>La fontaine des Neuf Jets<\/strong><\/span><\/a><\/span>: Place des Neuf Jets, 66400 C\u00e9ret\n<span style=\"color: #0000ff;\"><strong><span style=\"text-decoration: underline;\"><a style=\"color: #0000ff; text-decoration: underline;\" href=\"https:\/\/www.monnuage.fr\/categorie\/monuments-historiques-ceret-c175538\" target=\"_blank\" rel=\"noopener noreferrer\">La muraille ancienne<\/a><\/span><\/strong><\/span>: autour la ville ancienne\n<strong><span style=\"text-decoration: underline;\"><span style=\"color: #0000ff; text-decoration: underline;\"><a style=\"color: #0000ff; text-decoration: underline;\" href=\"https:\/\/www.pagesjaunes.fr\/annuaire\/ceret-66\/galeries-d-art\" target=\"_blank\" rel=\"noopener noreferrer\">Les Galeries<\/a><\/span><\/span><\/strong>: au centre ville\n<span style=\"color: #0000ff;\"><strong><span style=\"text-decoration: underline;\"><a style=\"color: #0000ff; text-decoration: underline;\" href=\"http:\/\/www.vallespir-tourisme.fr\/leglise-saint-pierre\/\" target=\"_blank\" rel=\"noopener noreferrer\">L'\u00e9glise St Pierre<\/a><\/span><\/strong><\/span>: Rue de l'\u00e9glise 66400 C\u00e9ret\n<span style=\"color: #666699;\"><strong><span style=\"text-decoration: underline;\"><a style=\"color: #666699; text-decoration: underline;\" href=\"https:\/\/www.annuaire-mairie.fr\/marche-ceret.html\" target=\"_blank\" rel=\"noopener noreferrer\"><span style=\"color: #0000ff; text-decoration: underline;\">Le march\u00e9<\/span><\/a><\/span><\/strong><\/span>: Bld Jean Jaures, 66400 Ceret. Tous les samedis.<\/span><\/pre>\n<\/div>\n<\/div><\/div><\/div><div id=\"panel-6854-0-1-2\" class=\"so-panel widget widget_sow-editor panel-last-child\" data-index=\"5\" ><div class=\"panel-widget-style panel-widget-style-for-6854-0-1-2\" ><div\n\t\t\t\n\t\t\tclass=\"so-widget-sow-editor so-widget-sow-editor-base\"\n\t\t\t\n\t\t><h3 class=\"widget-title\">Les autres sites d'int\u00e9r\u00eats<\/h3>\n<div class=\"siteorigin-widget-tinymce textwidget\">\n\t<pre style=\"text-align: center;\"><span class=\"so-premium-web-font\" style=\"color: #800080; font-family: Arial, sans-serif;\" data-web-font-module=\"web_safe\" data-font-info=\"{&quot;font&quot;:&quot;Arial&quot;,&quot;webfont&quot;:false,&quot;category&quot;:&quot;sans-serif&quot;,&quot;variant&quot;:null,&quot;module&quot;:&quot;web_safe&quot;}\"><b style=\"color: #800080; font-family: Arial, sans-serif;\">Un peu plus loin d'Oms\n<\/b><b style=\"color: #800080; font-family: Arial, sans-serif;\">\n<img loading=\"lazy\" decoding=\"async\" class=\"alignnone size-full wp-image-7292\" src=\"https:\/\/oms.fr\/wp-content\/uploads\/2021\/02\/Logo-Caves-Byrrh-72dpi.jpg\" alt=\"\" width=\"180\" height=\"180\" srcset=\"https:\/\/www.oms.fr\/wp-content\/uploads\/2021\/02\/Logo-Caves-Byrrh-72dpi.jpg 180w, https:\/\/www.oms.fr\/wp-content\/uploads\/2021\/02\/Logo-Caves-Byrrh-72dpi-150x150.jpg 150w, https:\/\/www.oms.fr\/wp-content\/uploads\/2021\/02\/Logo-Caves-Byrrh-72dpi-55x55.jpg 55w\" sizes=\"auto, (max-width: 180px) 100vw, 180px\" \/>\n<\/b><\/span><span class=\"so-premium-web-font\" style=\"font-family: Arial, sans-serif;\" data-web-font-module=\"web_safe\" data-font-info=\"{&quot;font&quot;:&quot;Arial&quot;,&quot;webfont&quot;:false,&quot;category&quot;:&quot;sans-serif&quot;,&quot;variant&quot;:null,&quot;module&quot;:&quot;web_safe&quot;}\"><span style=\"color: #0000ff;\"><a style=\"color: #0000ff;\" href=\"https:\/\/www.caves-byrrh.fr\/\" target=\"_blank\" rel=\"noopener noreferrer\"><span style=\"text-decoration: underline;\"><strong>Les Caves Byrrh<\/strong><\/span><\/a><\/span>: 2 Bld Violet, 66300 Thuir\n\"Une visite spectaculaire au c\u0153ur d'un site unique et \u00e9poustouflant\"\n<\/span><span class=\"so-premium-web-font\" style=\"font-family: Arial, sans-serif;\" data-web-font-module=\"web_safe\" data-font-info=\"{&quot;font&quot;:&quot;Arial&quot;,&quot;webfont&quot;:false,&quot;category&quot;:&quot;sans-serif&quot;,&quot;variant&quot;:null,&quot;module&quot;:&quot;web_safe&quot;}\"><span style=\"color: #0000ff;\"><a style=\"color: #0000ff;\" href=\"http:\/\/www.sitedepaulilles.fr\/\" target=\"_blank\" rel=\"noopener noreferrer\"><span style=\"text-decoration: underline;\"><strong>Site de Paulilles<\/strong><\/span><\/a><\/span>: 5 Rue Raoul Torreilles, 66660 Port-Vendres\nUne grande maison \/ jardin, un atelier des barques, la dynamiterie originelle\nLe mus\u00e9e de Valmanya: <\/span><\/pre>\n<\/div>\n<\/div><\/div><\/div><\/div><\/div><\/div>","protected":false},"excerpt":{"rendered":"<p>&nbsp; Pour la transformation de calcaire en chaux Normalement situ\u00e9 proche du site d&rsquo;extraction Oms: sur la route DFCI A9 d&rsquo;Oms Baillestavy: sur la route de Valmanya Montesquieu-des-Alb\u00e8res: 2 fours \u00e0 chaux: &#8211; au Correc de la Vallauria &#8211; vers [&hellip;]<\/p>\n","protected":false},"author":1,"featured_media":0,"parent":0,"menu_order":0,"comment_status":"closed","ping_status":"closed","template":"","meta":{"_acf_changed":false,"footnotes":""},"class_list":["post-6854","page","type-page","status-publish","hentry"],"acf":[],"_links":{"self":[{"href":"https:\/\/www.oms.fr\/en\/wp-json\/wp\/v2\/pages\/6854","targetHints":{"allow":["GET"]}}],"collection":[{"href":"https:\/\/www.oms.fr\/en\/wp-json\/wp\/v2\/pages"}],"about":[{"href":"https:\/\/www.oms.fr\/en\/wp-json\/wp\/v2\/types\/page"}],"author":[{"embeddable":true,"href":"https:\/\/www.oms.fr\/en\/wp-json\/wp\/v2\/users\/1"}],"replies":[{"embeddable":true,"href":"https:\/\/www.oms.fr\/en\/wp-json\/wp\/v2\/comments?post=6854"}],"version-history":[{"count":0,"href":"https:\/\/www.oms.fr\/en\/wp-json\/wp\/v2\/pages\/6854\/revisions"}],"wp:attachment":[{"href":"https:\/\/www.oms.fr\/en\/wp-json\/wp\/v2\/media?parent=6854"}],"curies":[{"name":"wp","href":"https:\/\/api.w.org\/{rel}","templated":true}]}}